{"id":4496,"date":"2025-09-30T14:28:08","date_gmt":"2025-09-30T12:28:08","guid":{"rendered":"https:\/\/fwp.univ-batna.dz\/wp4\/?page_id=4496"},"modified":"2026-03-16T10:21:51","modified_gmt":"2026-03-16T09:21:51","slug":"cellule-erasmus","status":"publish","type":"page","link":"https:\/\/vrlex.univ-batna.dz\/?page_id=4496","title":{"rendered":"+Cellule Erasmus"},"content":{"rendered":"\n<div class=\"wp-block-uagb-container uagb-block-6f599590 default uagb-is-root-container\">\n<div data-aos= \"flip-up\" data-aos-duration=\"400\" data-aos-delay=\"0\" data-aos-easing=\"ease\" data-aos-once=\"true\" class=\"wp-block-uagb-container uagb-block-980d6c9f alignfull uagb-is-root-container\">\n<figure class=\"wp-block-image size-full\"><img loading=\"lazy\" decoding=\"async\" width=\"2560\" height=\"853\" src=\"https:\/\/fwp.univ-batna.dz\/wp4\/wp-content\/uploads\/2025\/11\/Banner4-scaled.png\" alt=\"\" class=\"wp-image-6044\" style=\"object-fit:cover\" srcset=\"https:\/\/vrlex.univ-batna.dz\/wp-content\/uploads\/2025\/11\/Banner4-scaled.png 2560w, https:\/\/vrlex.univ-batna.dz\/wp-content\/uploads\/2025\/11\/Banner4-300x100.png 300w, https:\/\/vrlex.univ-batna.dz\/wp-content\/uploads\/2025\/11\/Banner4-1024x341.png 1024w, https:\/\/vrlex.univ-batna.dz\/wp-content\/uploads\/2025\/11\/Banner4-768x256.png 768w, https:\/\/vrlex.univ-batna.dz\/wp-content\/uploads\/2025\/11\/Banner4-1536x512.png 1536w, https:\/\/vrlex.univ-batna.dz\/wp-content\/uploads\/2025\/11\/Banner4-2048x683.png 2048w\" sizes=\"auto, (max-width: 2560px) 100vw, 2560px\" \/><\/figure>\n\n\n<div class=\"wp-block-image\">\n<figure class=\"alignleft size-large is-resized\"><img loading=\"lazy\" decoding=\"async\" width=\"1024\" height=\"317\" src=\"http:\/\/vrlex.univ-batna.dz\/wp-content\/uploads\/2026\/03\/Coordinateur-1024x317.png\" alt=\"\" class=\"wp-image-7693\" style=\"aspect-ratio:3.2305286205817954;width:432px;height:auto\" srcset=\"https:\/\/vrlex.univ-batna.dz\/wp-content\/uploads\/2026\/03\/Coordinateur-1024x317.png 1024w, https:\/\/vrlex.univ-batna.dz\/wp-content\/uploads\/2026\/03\/Coordinateur-300x93.png 300w, https:\/\/vrlex.univ-batna.dz\/wp-content\/uploads\/2026\/03\/Coordinateur-768x238.png 768w, https:\/\/vrlex.univ-batna.dz\/wp-content\/uploads\/2026\/03\/Coordinateur-1536x475.png 1536w, https:\/\/vrlex.univ-batna.dz\/wp-content\/uploads\/2026\/03\/Coordinateur.png 1914w\" sizes=\"auto, (max-width: 1024px) 100vw, 1024px\" \/><\/figure>\n<\/div><\/div>\n<\/div>\n\n\n\n<div class=\"wp-block-group is-content-justification-left is-nowrap is-layout-flex wp-container-core-group-is-layout-f56a869c wp-block-group-is-layout-flex\"><\/div>\n\n\n\n<div data-aos= \"slide-down\" data-aos-duration=\"400\" data-aos-delay=\"0\" data-aos-easing=\"ease\" data-aos-once=\"true\" class=\"wp-block-uagb-advanced-heading uagb-block-6233cbc6\"><h2 class=\"uagb-heading-text\">+<strong>Missions&nbsp;de la cellule Erasmus<\/strong><\/h2><\/div>\n\n\n\n<div class=\"wp-block-uagb-container uagb-block-c7452397 alignfull uagb-is-root-container\"><div class=\"uagb-container-inner-blocks-wrap\">\n<div data-aos= \"zoom-in-down\" data-aos-duration=\"400\" data-aos-delay=\"0\" data-aos-easing=\"ease\" data-aos-once=\"true\" class=\"wp-block-uagb-container uagb-block-b6a8b599\">\n<div class=\"wp-block-uagb-info-box uagb-block-e200fea6 uagb-infobox__content-wrap  uagb-infobox-icon-above-title uagb-infobox-image-valign-top\"><div class=\"uagb-ifb-content\"><div class=\"uagb-ifb-image-content\"><img decoding=\"async\" src=\"http:\/\/fwp.univ-batna.dz\/wp4\/wp-content\/uploads\/2025\/10\/partenariat-150x150.png\" alt=\"\" width=\"\" height=\"0\" loading=\"lazy\"\/><\/div><div class=\"uagb-ifb-title-wrap\"><p class=\"uagb-ifb-title\"><strong>Partenariats avec des universit\u00e9s \u00e9trang\u00e8res<\/strong><\/p><\/div><p class=\"uagb-ifb-desc\">La cellule Erasmus+ contribue au maintien et au d\u00e9veloppement de partenariats avec les universit\u00e9s europ\u00e9ennes et internationales participant au programme. Elle n\u00e9gocie et g\u00e8re les accords inter-universitaires, permettant ainsi de favoriser les \u00e9changes acad\u00e9miques et la mobilit\u00e9 des \u00e9tudiants, enseignants et chercheurs<\/p><\/div><\/div>\n<\/div>\n\n\n\n<div data-aos= \"zoom-in-down\" data-aos-duration=\"400\" data-aos-delay=\"0\" data-aos-easing=\"ease\" data-aos-once=\"true\" class=\"wp-block-uagb-container uagb-block-c7d69dba\">\n<div class=\"wp-block-uagb-info-box uagb-block-477127e9 uagb-infobox__content-wrap  uagb-infobox-icon-above-title uagb-infobox-image-valign-top\"><div class=\"uagb-ifb-content\"><div class=\"uagb-ifb-image-content\"><img decoding=\"async\" src=\"http:\/\/fwp.univ-batna.dz\/wp4\/wp-content\/uploads\/2025\/10\/gestion-150x150.png\" alt=\"\" width=\"\" height=\"0\" loading=\"lazy\"\/><\/div><div class=\"uagb-ifb-title-wrap\"><p class=\"uagb-ifb-title\"><strong>Gestion des candidatures<\/strong><\/p><\/div><div class=\"uagb-ifb-separator\"><\/div><p class=\"uagb-ifb-desc\">La cellule est charg\u00e9e de la r\u00e9ception et de la gestion des candidatures des \u00e9tudiants et du personnel souhaitant b\u00e9n\u00e9ficier du programme Erasmus+. Elle v\u00e9rifie l\u2019\u00e9ligibilit\u00e9 des candidats en fonction des crit\u00e8res acad\u00e9miques, linguistiques ou administratifs. Elle accompagne \u00e9galement les candidats dans la pr\u00e9paration de leurs dossiers, incluant la constitution des documents administratifs et la r\u00e9daction des lettres de motivation<\/p><\/div><\/div>\n<\/div>\n\n\n\n<div data-aos= \"zoom-in-down\" data-aos-duration=\"400\" data-aos-delay=\"0\" data-aos-easing=\"ease\" data-aos-once=\"true\" class=\"wp-block-uagb-container uagb-block-0019f66b\">\n<div class=\"wp-block-uagb-info-box uagb-block-ca312621 uagb-infobox__content-wrap  uagb-infobox-icon-above-title uagb-infobox-image-valign-top\"><div class=\"uagb-ifb-content\"><div class=\"uagb-ifb-image-content\"><img decoding=\"async\" src=\"http:\/\/fwp.univ-batna.dz\/wp4\/wp-content\/uploads\/2025\/10\/info-150x150.png\" alt=\"\" width=\"\" height=\"0\" loading=\"lazy\"\/><\/div><div class=\"uagb-ifb-title-wrap\"><p class=\"uagb-ifb-title\"><strong>Information et sensibilisation<\/strong><\/p><\/div><div class=\"uagb-ifb-separator\"><\/div><p class=\"uagb-ifb-desc\">La cellule Erasmus+ a pour mission d\u2019informer le personnel acad\u00e9mique et administratif ainsi que les \u00e9tudiants sur les opportunit\u00e9s de mobilit\u00e9 offertes par le programme, telles que les bourses d\u2019\u00e9change ou les stages \u00e0 l\u2019\u00e9tranger. Elle organise des sessions d\u2019information afin d\u2019expliquer les proc\u00e9dures, les crit\u00e8res de s\u00e9lection ainsi que les avantages li\u00e9s \u00e0 la participation au programme Erasmus+. De plus, elle dispense des conseils personnalis\u00e9s sur les pays partenaires, les universit\u00e9s d\u2019accueil et les formations disponibles<\/p><\/div><\/div>\n<\/div>\n\n\n\n<div data-aos= \"zoom-in-down\" data-aos-duration=\"400\" data-aos-delay=\"0\" data-aos-easing=\"ease\" data-aos-once=\"true\" class=\"wp-block-uagb-container uagb-block-63b58ba4\">\n<div class=\"wp-block-uagb-info-box uagb-block-53d893a1 uagb-infobox__content-wrap  uagb-infobox-icon-above-title uagb-infobox-image-valign-top\"><div class=\"uagb-ifb-content\"><div class=\"uagb-ifb-image-content\"><img decoding=\"async\" src=\"http:\/\/fwp.univ-batna.dz\/wp4\/wp-content\/uploads\/2025\/10\/commun-150x150.png\" alt=\"\" width=\"\" height=\"0\" loading=\"lazy\"\/><\/div><div class=\"uagb-ifb-title-wrap\"><p class=\"uagb-ifb-title\"><strong>Communication et visibilit\u00e9<\/strong><\/p><\/div><p class=\"uagb-ifb-desc\">Afin de valoriser les actions men\u00e9es, la cellule assure une large diffusion des informations li\u00e9es au programme Erasmus+ \u00e0 travers les r\u00e9seaux sociaux, le site web de l\u2019universit\u00e9 et les diff\u00e9rents \u00e9v\u00e9nements institutionnels<\/p><\/div><\/div>\n<\/div>\n\n\n\n<div data-aos= \"zoom-in-down\" data-aos-duration=\"400\" data-aos-delay=\"0\" data-aos-easing=\"ease\" data-aos-once=\"true\" class=\"wp-block-uagb-container uagb-block-67ff464c\">\n<div class=\"wp-block-uagb-info-box uagb-block-e625fa18 uagb-infobox__content-wrap  uagb-infobox-icon-above-title uagb-infobox-image-valign-top\"><div class=\"uagb-ifb-content\"><div class=\"uagb-ifb-image-content\"><img decoding=\"async\" src=\"http:\/\/fwp.univ-batna.dz\/wp4\/wp-content\/uploads\/2025\/10\/motiv-150x150.png\" alt=\"\" width=\"\" height=\"0\" loading=\"lazy\"\/><\/div><div class=\"uagb-ifb-title-wrap\"><p class=\"uagb-ifb-title\"><strong>Encouragement de la mobilit\u00e9 \u00e9tudiante et du staff<\/strong><\/p><\/div><p class=\"uagb-ifb-desc\">La cellule encourage la mobilit\u00e9 non seulement des \u00e9tudiants mais aussi du personnel acad\u00e9mique et administratif. Elle promeut la participation des enseignants, chercheurs et autres membres du staff aux programmes Erasmus+. Pour faciliter cette ouverture internationale, elle organise des \u00e9v\u00e9nements visant \u00e0 pr\u00e9parer les participants \u00e0 leur exp\u00e9rience \u00e0 l\u2019\u00e9tranger<\/p><\/div><\/div>\n<\/div>\n<\/div><\/div>\n","protected":false},"excerpt":{"rendered":"<p>+Missions&nbsp;de la cellule Erasmus<\/p>\n","protected":false},"author":1,"featured_media":0,"parent":0,"menu_order":0,"comment_status":"closed","ping_status":"closed","template":"","meta":{"_uag_custom_page_level_css":"","_kadence_starter_templates_imported_post":false,"_kad_post_transparent":"","_kad_post_title":"","_kad_post_layout":"","_kad_post_sidebar_id":"","_kad_post_content_style":"","_kad_post_vertical_padding":"","_kad_post_feature":"","_kad_post_feature_position":"","_kad_post_header":false,"_kad_post_footer":false,"_kad_post_classname":"","footnotes":""},"class_list":["post-4496","page","type-page","status-publish","hentry"],"guten_post_layout_featured_media_urls":{"full":false,"thumbnail":false,"medium":false,"medium_large":false,"large":false,"1536x1536":false,"2048x2048":false,"guten_post_layout_landscape_large":false,"guten_post_layout_portrait_large":false,"guten_post_layout_square_large":false,"guten_post_layout_landscape":false,"guten_post_layout_portrait":false,"guten_post_layout_square":false,"psacp-medium":false},"uagb_featured_image_src":{"full":false,"thumbnail":false,"medium":false,"medium_large":false,"large":false,"1536x1536":false,"2048x2048":false,"guten_post_layout_landscape_large":false,"guten_post_layout_portrait_large":false,"guten_post_layout_square_large":false,"guten_post_layout_landscape":false,"guten_post_layout_portrait":false,"guten_post_layout_square":false,"psacp-medium":false},"uagb_author_info":{"display_name":"adminrelex","author_link":"https:\/\/vrlex.univ-batna.dz\/?author=1"},"uagb_comment_info":0,"uagb_excerpt":"+Missions&nbsp;de la cellule Erasmus","_links":{"self":[{"href":"https:\/\/vrlex.univ-batna.dz\/index.php?rest_route=\/wp\/v2\/pages\/4496","targetHints":{"allow":["GET"]}}],"collection":[{"href":"https:\/\/vrlex.univ-batna.dz\/index.php?rest_route=\/wp\/v2\/pages"}],"about":[{"href":"https:\/\/vrlex.univ-batna.dz\/index.php?rest_route=\/wp\/v2\/types\/page"}],"author":[{"embeddable":true,"href":"https:\/\/vrlex.univ-batna.dz\/index.php?rest_route=\/wp\/v2\/users\/1"}],"replies":[{"embeddable":true,"href":"https:\/\/vrlex.univ-batna.dz\/index.php?rest_route=%2Fwp%2Fv2%2Fcomments&post=4496"}],"version-history":[{"count":54,"href":"https:\/\/vrlex.univ-batna.dz\/index.php?rest_route=\/wp\/v2\/pages\/4496\/revisions"}],"predecessor-version":[{"id":7697,"href":"https:\/\/vrlex.univ-batna.dz\/index.php?rest_route=\/wp\/v2\/pages\/4496\/revisions\/7697"}],"wp:attachment":[{"href":"https:\/\/vrlex.univ-batna.dz\/index.php?rest_route=%2Fwp%2Fv2%2Fmedia&parent=4496"}],"curies":[{"name":"wp","href":"https:\/\/api.w.org\/{rel}","templated":true}]}}