{"id":5013,"date":"2025-10-13T16:30:35","date_gmt":"2025-10-13T14:30:35","guid":{"rendered":"https:\/\/fwp.univ-batna.dz\/wp4\/?page_id=5013"},"modified":"2026-01-22T11:32:49","modified_gmt":"2026-01-22T10:32:49","slug":"%d9%85%d9%86%d8%ad-%d9%88%d8%aa%d8%b9%d8%a7%d9%88%d9%86-2","status":"publish","type":"page","link":"https:\/\/vrlex.univ-batna.dz\/?page_id=5013","title":{"rendered":"\u0645\u0646\u062d \u0648\u062a\u0639\u0627\u0648\u0646"},"content":{"rendered":"\n<div data-aos= \"zoom-out-down\" data-aos-duration=\"400\" data-aos-delay=\"0\" data-aos-easing=\"ease\" data-aos-once=\"true\" class=\"wp-block-uagb-container uagb-block-faab41da default uagb-is-root-container\">\n<div class=\"wp-block-columns is-layout-flex wp-container-core-columns-is-layout-fd4c34d7 wp-block-columns-is-layout-flex\" style=\"margin-top:0;margin-bottom:0;padding-top:var(--wp--preset--spacing--20);padding-right:var(--wp--preset--spacing--20);padding-bottom:var(--wp--preset--spacing--50);padding-left:var(--wp--preset--spacing--20)\">\n<div class=\"wp-block-column is-layout-flow wp-block-column-is-layout-flow\" style=\"padding-top:var(--wp--preset--spacing--60);padding-right:var(--wp--preset--spacing--40);padding-bottom:var(--wp--preset--spacing--60);padding-left:var(--wp--preset--spacing--40)\">\n<div data-aos= \"zoom-out-down\" data-aos-duration=\"400\" data-aos-delay=\"0\" data-aos-easing=\"ease\" data-aos-once=\"true\" class=\"wp-block-uagb-advanced-heading uagb-block-168be884\"><h4 class=\"uagb-heading-text\"><strong>\u0627\u0644\u0645\u0646\u062d<\/strong><\/h4><div class=\"uagb-separator\"><\/div><\/div>\n\n\n\n<div class=\"wp-block-uagb-advanced-heading uagb-block-73bc7903\"><p class=\"uagb-heading-text\">\u0647\u064a \u0645\u0628\u0627\u062f\u0631\u0627\u062a \u0648\u0645\u0646\u0635\u0627\u062a \u0645\u0646\u0638\u0645\u0629 \u062a\u0633\u0639\u0649 \u0644\u062a\u0639\u0632\u064a\u0632 \u0627\u0644\u062a\u0639\u0627\u0648\u0646 \u0628\u064a\u0646 \u0627\u0644\u0645\u0624\u0633\u0633\u0627\u062a \u0627\u0644\u0623\u0643\u0627\u062f\u064a\u0645\u064a\u0629 \u0648\u0627\u0644\u0628\u062d\u062b\u064a\u0629 \u0645\u0646 \u062f\u0648\u0644 \u0645\u062e\u062a\u0644\u0641\u0629 \u0628\u0647\u062f\u0641 \u062a\u0628\u0627\u062f\u0644 \u0627\u0644\u0645\u0639\u0631\u0641\u0629 \u0648\u0627\u0644\u0645\u0648\u0627\u0631\u062f \u0648\u0627\u0644\u062e\u0628\u0631\u0627\u062a \u0627\u0644\u0639\u0644\u0645\u064a\u0629.<br>\u0648\u062a\u0647\u062f\u0641 \u0647\u0630\u0647 \u0627\u0644\u0628\u0631\u0627\u0645\u062c \u0625\u0644\u0649 \u062f\u0639\u0645 \u0627\u0644\u0628\u062d\u062b \u0627\u0644\u0639\u0644\u0645\u064a \u0627\u0644\u0645\u0634\u062a\u0631\u0643\u060c \u0648\u0646\u0642\u0644 \u0648\u062a\u0648\u0637\u064a\u0646 \u0627\u0644\u062a\u0643\u0646\u0648\u0644\u0648\u062c\u064a\u0627\u060c \u0628\u0627\u0644\u0625\u0636\u0627\u0641\u0629 \u0625\u0644\u0649 \u062a\u0637\u0648\u064a\u0631 \u0627\u0644\u0642\u062f\u0631\u0627\u062a \u0627\u0644\u0628\u062d\u062b\u064a\u0629\u060c \u0648\u062a\u062d\u0642\u064a\u0642 \u0646\u062a\u0627\u0626\u062c \u0639\u0644\u0645\u064a\u0629 \u0630\u0627\u062a \u062c\u0648\u062f\u0629 \u0639\u0627\u0644\u064a\u0629 \u062a\u062e\u062f\u0645 \u0627\u0644\u062a\u0646\u0645\u064a\u0629 \u0627\u0644\u0645\u0633\u062a\u062f\u0627\u0645\u0629 \u0639\u0644\u0649 \u0627\u0644\u0645\u0633\u062a\u0648\u064a\u064a\u0646 \u0627\u0644\u0645\u062d\u0644\u064a \u0648\u0627\u0644\u062f\u0648\u0644\u064a.<br><\/p><\/div>\n<\/div>\n\n\n\n<div class=\"wp-block-column is-vertically-aligned-center is-layout-flow wp-block-column-is-layout-flow\" style=\"padding-top:var(--wp--preset--spacing--40);padding-right:var(--wp--preset--spacing--40);padding-bottom:var(--wp--preset--spacing--40);padding-left:var(--wp--preset--spacing--40)\">\n<figure class=\"wp-block-image size-full\"><img loading=\"lazy\" decoding=\"async\" width=\"668\" height=\"366\" src=\"https:\/\/fwp.univ-batna.dz\/wp4\/wp-content\/uploads\/2025\/12\/BOURSSE2.png\" alt=\"\" class=\"wp-image-6593\" srcset=\"https:\/\/vrlex.univ-batna.dz\/wp-content\/uploads\/2025\/12\/BOURSSE2.png 668w, https:\/\/vrlex.univ-batna.dz\/wp-content\/uploads\/2025\/12\/BOURSSE2-300x164.png 300w\" sizes=\"auto, (max-width: 668px) 100vw, 668px\" \/><\/figure>\n<\/div>\n<\/div>\n<\/div>\n\n\n\n<div class=\"wp-block-stackable-spacer stk-block-spacer stk--no-padding stk-block stk-7c37376\" data-block-id=\"7c37376\"><style>.stk-7c37376 {height:80px !important;}<\/style><\/div>\n\n\n\n<div class=\"wp-block-uagb-advanced-heading uagb-block-581bb195\"><h5 class=\"uagb-heading-text\">\u0645\u0646\u062d \u0648\u062a\u0639\u0627\u0648\u0646<\/h5><div class=\"uagb-separator\"><\/div><\/div>\n\n\n\n<div class=\"wp-block-uagb-container uagb-block-9917d270 alignfull uagb-is-root-container\"><div class=\"uagb-container-inner-blocks-wrap\">\n\t\t\t<div class=\"wp-block-uagb-post-grid uagb-post-grid  uagb-post__image-position-top uagb-post__image-enabled uagb-block-54041eb4     uagb-post__items uagb-post__columns-4 is-grid uagb-post__columns-tablet-2 uagb-post__columns-mobile-1 uagb-post__equal-height\" data-total=\"3\" style=\"\">\n\n\t\t\t\t\t\t\t\t\t\t\t\t<article class=\"uagb-post__inner-wrap\">\t\t\t\t\t\t\t\t<div class='uagb-post__image'>\n\t\t\t\t\t\t\t\t\t<a href=\"https:\/\/vrlex.univ-batna.dz\/?p=7835\" target=\"_self\" rel=\"bookmark noopener noreferrer\" class='uagb-image-ratio-inherit'><img loading=\"lazy\" decoding=\"async\" width=\"1024\" height=\"683\" src=\"https:\/\/vrlex.univ-batna.dz\/wp-content\/uploads\/2026\/04\/MAB-1-1024x683.png\" class=\"attachment-large size-large\" alt=\"\" srcset=\"https:\/\/vrlex.univ-batna.dz\/wp-content\/uploads\/2026\/04\/MAB-1-1024x683.png 1024w, https:\/\/vrlex.univ-batna.dz\/wp-content\/uploads\/2026\/04\/MAB-1-300x200.png 300w, https:\/\/vrlex.univ-batna.dz\/wp-content\/uploads\/2026\/04\/MAB-1-768x512.png 768w, https:\/\/vrlex.univ-batna.dz\/wp-content\/uploads\/2026\/04\/MAB-1-600x400.png 600w, https:\/\/vrlex.univ-batna.dz\/wp-content\/uploads\/2026\/04\/MAB-1.png 1200w\" sizes=\"auto, (max-width: 1024px) 100vw, 1024px\" \/>\t\t\t\t\t<\/a>\n\t\t\t\t\t\t\t<\/div>\n\t\t\t\t\t\t<h4 class=\"uagb-post__title uagb-post__text\">\n\t\t\t\t<a href=\"https:\/\/vrlex.univ-batna.dz\/?p=7835\" target=\"_self\" rel=\"bookmark noopener noreferrer\">\u0628\u0631\u0646\u0627\u0645\u062c \u0645\u0646\u062d\u0629 MAB  \u0641\u064a \u0627\u0637\u0627\u0631 \u0627\u0644\u0623\u0645\u0645 \u0627\u0644\u0645\u062a\u062d\u062f\u0629 \u0644\u0633\u0646\u0629 2026\/2027<\/a>\n\t\t\t<\/h4>\n\t\t\t\t\t\t<div class='uagb-post__text uagb-post-grid-byline'>\n\t\t\t\t\t\t\t\t<time datetime=\"2026-04-23T11:13:49+02:00\" class=\"uagb-post__date\">\n\t\t\t\t\t\t\t\t\t23 \u0623\u0628\u0631\u064a\u0644 2026\t\t\t\t<\/time>\n\t\t\t\t\t\t<\/div>\n\t\t\t\t\t\t\t<div class='uagb-post__text uagb-post__excerpt'>\n\t\t\t\t\t<p>\u062a\u0642\u062f\u064a\u0645 \u0639\u0631\u0636 \u0645\u0646\u062d\u0629 \u0628\u0631\u0646\u0627\u0645\u062c MAB &#8211; \u0627\u0644\u0625\u0646\u0633\u0627\u0646 \u0648\u0627\u0644\u063a\u0644\u0627\u0641 \u0627\u0644\u062d\u064a\u0648\u064a &#8211; \u0644\u0644\u0628\u0627\u062d\u062b\u064a\u0646 \u0627\u0644\u0634\u0628\u0627\u0628 \u062a\u0639\u0644\u0646 \u0648\u0632\u0627\u0631\u0629 \u0627\u0644\u062a\u0639\u0644\u064a\u0645 \u0627\u0644\u0639\u0627\u0644\u064a \u0648\u0627\u0644\u0628\u062d\u062b&#8230;\t\t\t\t<\/div>\n\t\t\t\t\t\t<div class=\"uagb-post__text uagb-post__cta wp-block-button\">\n\t\t\t\t<a class=\"wp-block-button__link uagb-text-link\" style=\"\" href=\"https:\/\/vrlex.univ-batna.dz\/?p=7835\" target=\"_self\" rel=\"bookmark noopener noreferrer\">\u0644\u0644\u0645\u0632\u064a\u062f<\/a>\n\t\t\t<\/div>\n\t\t\t\n\t\t\t\t\t\t\t\t\t<\/article>\n\t\t\t\t\t\t\t\t\t\t\t\t\t\t\t\t<article class=\"uagb-post__inner-wrap\">\t\t\t\t\t\t\t\t<div class='uagb-post__image'>\n\t\t\t\t\t\t\t\t\t<a href=\"https:\/\/vrlex.univ-batna.dz\/?p=7820\" target=\"_self\" rel=\"bookmark noopener noreferrer\" class='uagb-image-ratio-inherit'><img loading=\"lazy\" decoding=\"async\" width=\"1024\" height=\"683\" src=\"https:\/\/vrlex.univ-batna.dz\/wp-content\/uploads\/2026\/04\/ESCWA-1-1024x683.png\" class=\"attachment-large size-large\" alt=\"\" srcset=\"https:\/\/vrlex.univ-batna.dz\/wp-content\/uploads\/2026\/04\/ESCWA-1-1024x683.png 1024w, https:\/\/vrlex.univ-batna.dz\/wp-content\/uploads\/2026\/04\/ESCWA-1-300x200.png 300w, https:\/\/vrlex.univ-batna.dz\/wp-content\/uploads\/2026\/04\/ESCWA-1-768x512.png 768w, https:\/\/vrlex.univ-batna.dz\/wp-content\/uploads\/2026\/04\/ESCWA-1-600x400.png 600w, https:\/\/vrlex.univ-batna.dz\/wp-content\/uploads\/2026\/04\/ESCWA-1.png 1200w\" sizes=\"auto, (max-width: 1024px) 100vw, 1024px\" \/>\t\t\t\t\t<\/a>\n\t\t\t\t\t\t\t<\/div>\n\t\t\t\t\t\t<h4 class=\"uagb-post__title uagb-post__text\">\n\t\t\t\t<a href=\"https:\/\/vrlex.univ-batna.dz\/?p=7820\" target=\"_self\" rel=\"bookmark noopener noreferrer\">\u0628\u0631\u0646\u0627\u0645\u062c \u0645\u0646\u062d\u0629 \u0628\u064a\u0631\u0648\u062a \u0641\u064a \u0627\u0637\u0627\u0631 \u0627\u0644\u0623\u0645\u0645 \u0627\u0644\u0645\u062a\u062d\u062f\u0629 \u0627\u0644\u0625\u0642\u062a\u0635\u0627\u062f\u064a\u0629 \u0648\u0627\u0644\u0625\u062c\u062a\u0645\u0627\u0639\u064a\u0629 \u0644\u0622\u0633\u064a\u0627 \u0627\u0644\u063a\u0631\u0628\u064a\u0629 \u0644\u0633\u0646\u0629 2027\/2026<\/a>\n\t\t\t<\/h4>\n\t\t\t\t\t\t<div class='uagb-post__text uagb-post-grid-byline'>\n\t\t\t\t\t\t\t\t<time datetime=\"2026-04-23T10:33:22+02:00\" class=\"uagb-post__date\">\n\t\t\t\t\t\t\t\t\t23 \u0623\u0628\u0631\u064a\u0644 2026\t\t\t\t<\/time>\n\t\t\t\t\t\t<\/div>\n\t\t\t\t\t\t\t<div class='uagb-post__text uagb-post__excerpt'>\n\t\t\t\t\t<p>\u062a\u0642\u062f\u064a\u0645 \u0639\u0631\u0636 \u0645\u0646\u062d\u0629 \u0644\u0645\u0632\u0627\u0648\u0644\u0629 \u062f\u0648\u0631\u0629 \u062a\u0643\u0648\u064a\u0646\u064a\u0629 \u0644\u0633\u0646\u0629 2026-2027 \u062a\u0639\u0644\u0646 \u0648\u0632\u0627\u0631\u0629 \u0627\u0644\u062a\u0639\u0644\u064a\u0645 \u0627\u0644\u0639\u0627\u0644\u064a \u0648\u0627\u0644\u0628\u062d\u062b \u0627\u0644\u0639\u0644\u0645\u064a \u0639\u0646 \u0639\u0631\u0636 \u0645\u0646\u062d\u0629&#8230;\t\t\t\t<\/div>\n\t\t\t\t\t\t<div class=\"uagb-post__text uagb-post__cta wp-block-button\">\n\t\t\t\t<a class=\"wp-block-button__link uagb-text-link\" style=\"\" href=\"https:\/\/vrlex.univ-batna.dz\/?p=7820\" target=\"_self\" rel=\"bookmark noopener noreferrer\">\u0644\u0644\u0645\u0632\u064a\u062f<\/a>\n\t\t\t<\/div>\n\t\t\t\n\t\t\t\t\t\t\t\t\t<\/article>\n\t\t\t\t\t\t\t\t\t\t\t\t\t\t\t\t<article class=\"uagb-post__inner-wrap\">\t\t\t\t\t\t\t\t<div class='uagb-post__image'>\n\t\t\t\t\t\t\t\t\t<a href=\"https:\/\/vrlex.univ-batna.dz\/?p=7332\" target=\"_self\" rel=\"bookmark noopener noreferrer\" class='uagb-image-ratio-inherit'><img loading=\"lazy\" decoding=\"async\" width=\"906\" height=\"586\" src=\"https:\/\/vrlex.univ-batna.dz\/wp-content\/uploads\/2026\/02\/Indonisie2.png\" class=\"attachment-large size-large\" alt=\"\" srcset=\"https:\/\/vrlex.univ-batna.dz\/wp-content\/uploads\/2026\/02\/Indonisie2.png 906w, https:\/\/vrlex.univ-batna.dz\/wp-content\/uploads\/2026\/02\/Indonisie2-300x194.png 300w, https:\/\/vrlex.univ-batna.dz\/wp-content\/uploads\/2026\/02\/Indonisie2-768x497.png 768w\" sizes=\"auto, (max-width: 906px) 100vw, 906px\" \/>\t\t\t\t\t<\/a>\n\t\t\t\t\t\t\t<\/div>\n\t\t\t\t\t\t<h4 class=\"uagb-post__title uagb-post__text\">\n\t\t\t\t<a href=\"https:\/\/vrlex.univ-batna.dz\/?p=7332\" target=\"_self\" rel=\"bookmark noopener noreferrer\">\u0645\u0646\u062d \u062f\u0631\u0627\u0633\u064a\u0629 \u0644\u0644\u0645\u0627\u062c\u0633\u062a\u064a\u0631 \u0648\u0627\u0644\u062f\u0643\u062a\u0648\u0631\u0627\u0647 \u0641\u064a \u0627\u0644\u062c\u0627\u0645\u0639\u0627\u062a \u0627\u0644\u062d\u0643\u0648\u0645\u064a\u0629 \u0627\u0644\u0623\u0646\u062f\u0648\u0646\u064a\u0633\u064a\u0629 \u0644\u0644\u0639\u0627\u0645 \u0627\u0644\u062f\u0631\u0627\u0633\u064a 2026-2027<\/a>\n\t\t\t<\/h4>\n\t\t\t\t\t\t<div class='uagb-post__text uagb-post-grid-byline'>\n\t\t\t\t\t\t\t\t<time datetime=\"2026-02-08T19:36:37+01:00\" class=\"uagb-post__date\">\n\t\t\t\t\t\t\t\t\t8 \u0641\u0628\u0631\u0627\u064a\u0631 2026\t\t\t\t<\/time>\n\t\t\t\t\t\t<\/div>\n\t\t\t\t\t\t\t<div class='uagb-post__text uagb-post__excerpt'>\n\t\t\t\t\t<p>\u062a\u0642\u062f\u064a\u0645 \u0637\u0644\u0628 \u0627\u0644\u0627\u0644\u062a\u062d\u0627\u0642 \u0628\u0628\u0631\u0627\u0645\u062c \u0627\u0644\u0645\u0627\u062c\u0633\u062a\u064a\u0631 \u0648\u0627\u0644\u062f\u0643\u062a\u0648\u0631\u0627\u0647 \u0641\u064a \u0627\u0644\u062c\u0627\u0645\u0639\u0629 \u0627\u0644\u062d\u0643\u0648\u0645\u064a\u0629 \u0627\u0644\u0623\u0646\u062f\u0648\u0646\u064a\u0633\u064a\u0629\u062a\u0639\u0644\u0646 \u0648\u0632\u0627\u0631\u0629 \u0627\u0644\u062a\u0639\u0644\u064a\u0645 \u0627\u0644\u0639\u0627\u0644\u064a \u0648\u0627\u0644\u0628\u062d\u062b \u0627\u0644\u0639\u0644\u0645\u064a \u0639\u0646 \u0639\u0631\u0648\u0636&#8230;\t\t\t\t<\/div>\n\t\t\t\t\t\t<div class=\"uagb-post__text uagb-post__cta wp-block-button\">\n\t\t\t\t<a class=\"wp-block-button__link uagb-text-link\" style=\"\" href=\"https:\/\/vrlex.univ-batna.dz\/?p=7332\" target=\"_self\" rel=\"bookmark noopener noreferrer\">\u0644\u0644\u0645\u0632\u064a\u062f<\/a>\n\t\t\t<\/div>\n\t\t\t\n\t\t\t\t\t\t\t\t\t<\/article>\n\t\t\t\t\t\t\t\t\t\t\t\t\t\t\t\t<article class=\"uagb-post__inner-wrap\">\t\t\t\t\t\t\t\t<div class='uagb-post__image'>\n\t\t\t\t\t\t\t\t\t<a href=\"https:\/\/vrlex.univ-batna.dz\/?p=7190\" target=\"_self\" rel=\"bookmark noopener noreferrer\" class='uagb-image-ratio-inherit'><img loading=\"lazy\" decoding=\"async\" width=\"1024\" height=\"683\" src=\"https:\/\/vrlex.univ-batna.dz\/wp-content\/uploads\/2026\/01\/bourse-darussalam-1024x683.jpg\" class=\"attachment-large size-large\" alt=\"\" srcset=\"https:\/\/vrlex.univ-batna.dz\/wp-content\/uploads\/2026\/01\/bourse-darussalam-1024x683.jpg 1024w, https:\/\/vrlex.univ-batna.dz\/wp-content\/uploads\/2026\/01\/bourse-darussalam-300x200.jpg 300w, https:\/\/vrlex.univ-batna.dz\/wp-content\/uploads\/2026\/01\/bourse-darussalam-768x512.jpg 768w, https:\/\/vrlex.univ-batna.dz\/wp-content\/uploads\/2026\/01\/bourse-darussalam-600x400.jpg 600w, https:\/\/vrlex.univ-batna.dz\/wp-content\/uploads\/2026\/01\/bourse-darussalam.jpg 1200w\" sizes=\"auto, (max-width: 1024px) 100vw, 1024px\" \/>\t\t\t\t\t<\/a>\n\t\t\t\t\t\t\t<\/div>\n\t\t\t\t\t\t<h4 class=\"uagb-post__title uagb-post__text\">\n\t\t\t\t<a href=\"https:\/\/vrlex.univ-batna.dz\/?p=7190\" target=\"_self\" rel=\"bookmark noopener noreferrer\">Bourse Magister \u00e0 Brunei Darussalam au titre de l\u2019ann\u00e9e 2026-2027<\/a>\n\t\t\t<\/h4>\n\t\t\t\t\t\t<div class='uagb-post__text uagb-post-grid-byline'>\n\t\t\t\t\t\t\t\t<time datetime=\"2026-01-22T13:35:36+01:00\" class=\"uagb-post__date\">\n\t\t\t\t\t\t\t\t\t22 \u064a\u0646\u0627\u064a\u0631 2026\t\t\t\t<\/time>\n\t\t\t\t\t\t<\/div>\n\t\t\t\t\t\t\t<div class='uagb-post__text uagb-post__excerpt'>\n\t\t\t\t\t<p>le minist\u00e8re de l\u2019enseignement sup\u00e9rieur et de la recherche scientifique a \u00e9t\u00e9 destinataire d\u2019un appel \u00e0 candidature&#8230;\t\t\t\t<\/div>\n\t\t\t\t\t\t<div class=\"uagb-post__text uagb-post__cta wp-block-button\">\n\t\t\t\t<a class=\"wp-block-button__link uagb-text-link\" style=\"\" href=\"https:\/\/vrlex.univ-batna.dz\/?p=7190\" target=\"_self\" rel=\"bookmark noopener noreferrer\">\u0644\u0644\u0645\u0632\u064a\u062f<\/a>\n\t\t\t<\/div>\n\t\t\t\n\t\t\t\t\t\t\t\t\t<\/article>\n\t\t\t\t\t\t\t\t\t\t\t<\/div>\n\t\t\t<\/div><\/div>\n\n\n\n<div class=\"wp-block-buttons is-content-justification-center is-layout-flex wp-container-core-buttons-is-layout-16018d1d wp-block-buttons-is-layout-flex\">\n<div class=\"wp-block-button\"><a class=\"wp-block-button__link wp-element-button\" href=\"https:\/\/vrlex.univ-batna.dz\/?page_id=6523\">\u0627\u0644\u0645\u0632\u064a\u062f \u0645\u0646 \u0645\u0646\u062d \u0627\u0644\u062f\u0648\u0644 \u0627\u0644\u0623\u062c\u0646\u0628\u064a\u0629<\/a><\/div>\n<\/div>\n\n\n\n<p><\/p>\n","protected":false},"excerpt":{"rendered":"<p>\u0627\u0644\u0645\u0646\u062d \u0647\u064a \u0645\u0628\u0627\u062f\u0631\u0627\u062a \u0648\u0645\u0646\u0635\u0627\u062a \u0645\u0646\u0638\u0645\u0629 \u062a\u0633\u0639\u0649 \u0644\u062a\u0639\u0632\u064a\u0632 \u0627\u0644\u062a\u0639\u0627\u0648\u0646 \u0628\u064a\u0646 \u0627\u0644\u0645\u0624\u0633\u0633\u0627\u062a \u0627\u0644\u0623\u0643\u0627\u062f\u064a\u0645\u064a\u0629 \u0648\u0627\u0644\u0628\u062d\u062b\u064a\u0629 \u0645\u0646 \u062f\u0648\u0644 \u0645\u062e\u062a\u0644\u0641\u0629 \u0628\u0647\u062f\u0641 \u062a\u0628\u0627\u062f\u0644 \u0627\u0644\u0645\u0639\u0631\u0641\u0629 \u0648\u0627\u0644\u0645\u0648\u0627\u0631\u062f \u0648\u0627\u0644\u062e\u0628\u0631\u0627\u062a \u0627\u0644\u0639\u0644\u0645\u064a\u0629.\u0648\u062a\u0647\u062f\u0641 \u0647\u0630\u0647 \u0627\u0644\u0628\u0631\u0627\u0645\u062c \u0625\u0644\u0649 \u062f\u0639\u0645 \u0627\u0644\u0628\u062d\u062b \u0627\u0644\u0639\u0644\u0645\u064a \u0627\u0644\u0645\u0634\u062a\u0631\u0643\u060c \u0648\u0646\u0642\u0644 \u0648\u062a\u0648\u0637\u064a\u0646&#8230;<\/p>\n","protected":false},"author":1,"featured_media":0,"parent":0,"menu_order":0,"comment_status":"closed","ping_status":"closed","template":"","meta":{"_uag_custom_page_level_css":"","_kadence_starter_templates_imported_post":false,"_kad_post_transparent":"","_kad_post_title":"","_kad_post_layout":"","_kad_post_sidebar_id":"","_kad_post_content_style":"","_kad_post_vertical_padding":"","_kad_post_feature":"","_kad_post_feature_position":"","_kad_post_header":false,"_kad_post_footer":false,"_kad_post_classname":"","footnotes":""},"class_list":["post-5013","page","type-page","status-publish","hentry"],"guten_post_layout_featured_media_urls":{"full":false,"thumbnail":false,"medium":false,"medium_large":false,"large":false,"1536x1536":false,"2048x2048":false,"guten_post_layout_landscape_large":false,"guten_post_layout_portrait_large":false,"guten_post_layout_square_large":false,"guten_post_layout_landscape":false,"guten_post_layout_portrait":false,"guten_post_layout_square":false,"psacp-medium":false},"uagb_featured_image_src":{"full":false,"thumbnail":false,"medium":false,"medium_large":false,"large":false,"1536x1536":false,"2048x2048":false,"guten_post_layout_landscape_large":false,"guten_post_layout_portrait_large":false,"guten_post_layout_square_large":false,"guten_post_layout_landscape":false,"guten_post_layout_portrait":false,"guten_post_layout_square":false,"psacp-medium":false},"uagb_author_info":{"display_name":"adminrelex","author_link":"https:\/\/vrlex.univ-batna.dz\/?author=1"},"uagb_comment_info":0,"uagb_excerpt":"\u0627\u0644\u0645\u0646\u062d \u0647\u064a \u0645\u0628\u0627\u062f\u0631\u0627\u062a \u0648\u0645\u0646\u0635\u0627\u062a \u0645\u0646\u0638\u0645\u0629 \u062a\u0633\u0639\u0649 \u0644\u062a\u0639\u0632\u064a\u0632 \u0627\u0644\u062a\u0639\u0627\u0648\u0646 \u0628\u064a\u0646 \u0627\u0644\u0645\u0624\u0633\u0633\u0627\u062a \u0627\u0644\u0623\u0643\u0627\u062f\u064a\u0645\u064a\u0629 \u0648\u0627\u0644\u0628\u062d\u062b\u064a\u0629 \u0645\u0646 \u062f\u0648\u0644 \u0645\u062e\u062a\u0644\u0641\u0629 \u0628\u0647\u062f\u0641 \u062a\u0628\u0627\u062f\u0644 \u0627\u0644\u0645\u0639\u0631\u0641\u0629 \u0648\u0627\u0644\u0645\u0648\u0627\u0631\u062f \u0648\u0627\u0644\u062e\u0628\u0631\u0627\u062a \u0627\u0644\u0639\u0644\u0645\u064a\u0629.\u0648\u062a\u0647\u062f\u0641 \u0647\u0630\u0647 \u0627\u0644\u0628\u0631\u0627\u0645\u062c \u0625\u0644\u0649 \u062f\u0639\u0645 \u0627\u0644\u0628\u062d\u062b \u0627\u0644\u0639\u0644\u0645\u064a \u0627\u0644\u0645\u0634\u062a\u0631\u0643\u060c \u0648\u0646\u0642\u0644 \u0648\u062a\u0648\u0637\u064a\u0646...","_links":{"self":[{"href":"https:\/\/vrlex.univ-batna.dz\/index.php?rest_route=\/wp\/v2\/pages\/5013","targetHints":{"allow":["GET"]}}],"collection":[{"href":"https:\/\/vrlex.univ-batna.dz\/index.php?rest_route=\/wp\/v2\/pages"}],"about":[{"href":"https:\/\/vrlex.univ-batna.dz\/index.php?rest_route=\/wp\/v2\/types\/page"}],"author":[{"embeddable":true,"href":"https:\/\/vrlex.univ-batna.dz\/index.php?rest_route=\/wp\/v2\/users\/1"}],"replies":[{"embeddable":true,"href":"https:\/\/vrlex.univ-batna.dz\/index.php?rest_route=%2Fwp%2Fv2%2Fcomments&post=5013"}],"version-history":[{"count":43,"href":"https:\/\/vrlex.univ-batna.dz\/index.php?rest_route=\/wp\/v2\/pages\/5013\/revisions"}],"predecessor-version":[{"id":7179,"href":"https:\/\/vrlex.univ-batna.dz\/index.php?rest_route=\/wp\/v2\/pages\/5013\/revisions\/7179"}],"wp:attachment":[{"href":"https:\/\/vrlex.univ-batna.dz\/index.php?rest_route=%2Fwp%2Fv2%2Fmedia&parent=5013"}],"curies":[{"name":"wp","href":"https:\/\/api.w.org\/{rel}","templated":true}]}}