{"id":6523,"date":"2025-12-07T15:14:15","date_gmt":"2025-12-07T14:14:15","guid":{"rendered":"https:\/\/fwp.univ-batna.dz\/wp4\/?page_id=6523"},"modified":"2026-02-09T09:20:46","modified_gmt":"2026-02-09T08:20:46","slug":"%d8%a3%d8%b1%d8%b4%d9%8a%d9%81-%d9%85%d9%86%d8%ad-%d8%a7%d9%84%d8%af%d9%88%d9%84-%d8%a7%d9%84%d8%a3%d8%ac%d9%86%d8%a8%d9%8a%d8%a9","status":"publish","type":"page","link":"https:\/\/vrlex.univ-batna.dz\/?page_id=6523","title":{"rendered":"\u0623\u0631\u0634\u064a\u0641 \u0645\u0646\u062d \u0627\u0644\u062f\u0648\u0644 \u0627\u0644\u0623\u062c\u0646\u0628\u064a\u0629"},"content":{"rendered":"\n<div style=\"height:60px\" aria-hidden=\"true\" class=\"wp-block-spacer\"><\/div>\n\n\n\n<div class=\"wp-block-uagb-advanced-heading uagb-block-7b42692b\"><h4 class=\"uagb-heading-text\">\u0627\u0644\u0645\u0632\u064a\u062f \u0645\u0646 \u0645\u0646\u062d \u0627\u0644\u062f\u0648\u0644 \u0627\u0644\u0623\u062c\u0646\u0628\u064a\u0629 ( \u0623\u0631\u0634\u064a\u0641 )   <\/h4><\/div>\n\n\n\n<div style=\"height:60px\" aria-hidden=\"true\" class=\"wp-block-spacer\"><\/div>\n\n\n\n<div class=\"wp-block-columns is-layout-flex wp-container-core-columns-is-layout-9d6595d7 wp-block-columns-is-layout-flex\">\n<div class=\"wp-block-column has-theme-palette-8-background-color has-background is-layout-flow wp-block-column-is-layout-flow\" style=\"padding-top:0;padding-right:0;padding-bottom:0;padding-left:0\">\n<details class=\"wp-block-details has-theme-palette-1-color has-text-color has-link-color wp-elements-32d172f3e05dfb35f2b439f9a3b8d1a7 is-layout-flow wp-block-details-is-layout-flow\" open><summary><strong><strong>Lancement d&#8217;un appel \u00e0 candidature \u00e0 la bourse d\u2019excellence du Mexique<\/strong><\/strong><\/summary>\n<p class=\"has-theme-palette-3-color has-theme-palette-7-background-color has-text-color has-background has-link-color wp-elements-4c88d516a4829c7660f7f2e4e0ad03dd\">bourse d&#8217;excellence provenant du Gouvernement duMexique pour l&#8217;ann\u00e9e 2025-2026. Veuillez consulter le lien :&nbsp;<a href=\"https:\/\/www.gob.mx\/amexcid\/en\">https:\/\/www.gob.mx\/amexcid\/en<\/a>&nbsp;et vous rendre sur le lien suivant pour effectuer votre candidature et ce avant le&nbsp;12\/09\/2025. <a href=\"https:\/\/sigca.sre.gob.mx\/login\">https:\/\/sigca.sre.gob.mx\/login<\/a><\/p>\n<\/details>\n\n\n\n<details class=\"wp-block-details has-theme-palette-1-color has-text-color has-link-color wp-elements-a2f8fc7c9d7d3ed9086b36b4a879af61 is-layout-flow wp-block-details-is-layout-flow\"><summary><strong>\u0628\u0631\u0646\u0627\u0645\u062c \u0645\u0646\u062d \u0627\u0644\u0645\u0645\u0644\u0643\u0629 \u0627\u0644\u0633\u0639\u0648\u062f\u064a\u0629 &#8220;\u0623\u062f\u0631\u0633 \u0641\u064a \u0627\u0644\u0633\u0639\u0648\u062f\u064a\u0629&#8221; \u0628\u0639\u0646\u0648\u0627\u0646 \u0627\u0644\u0633\u0646\u0629 \u0627\u0644\u062c\u0627\u0645\u0639\u064a\u0629 2025-2026<br><\/strong><\/summary>\n<p class=\"has-theme-palette-3-color has-text-color has-link-color wp-elements-9a32c068fffd3ed0fb559fb7cf27dc6f\">\u0639\u0631\u0636 \u0645\u0646\u062d \u062f\u0631\u0627\u0633\u064a\u0629 \u0645\u062c\u0627\u0646\u064a\u0629 \u0637\u0648\u064a\u0644\u0629 \u0627\u0644\u0645\u062f\u0649 \u0641\u064a \u0637\u0648\u0631\u064a \u0627\u0644\u0645\u0627\u0633\u062a\u0631 \u0648\u0627\u0644\u062f\u0643\u062a\u0648\u0631\u0627\u0647,\u064a\u0631\u062c\u0649 \u0627\u0644\u062a\u0633\u062c\u064a\u0644 \u0641\u064a \u0627\u0644\u0631\u0627\u0628\u0637 \u0627\u0644\u062a\u0627\u0644\u064a:<a href=\"https:\/\/studyinsaudi.moe.gov.sa\/\">https:\/\/studyinsaudi.moe.gov.sa<\/a>, \u0627\u0644\u0649 \u063a\u0627\u064a\u0629 02\u0623\u0643\u062a\u0648\u0628\u0631 2025<\/p>\n<\/details>\n\n\n\n<details class=\"wp-block-details has-theme-palette-1-color has-text-color has-link-color wp-elements-069031eddddb8f6bc877f70a74705cc0 is-layout-flow wp-block-details-is-layout-flow\"><summary><strong><strong>Lancement d\u2019un appel \u00e0 candidature au programme doctoral et postdoctoral ( Eugen Ionesco) <\/strong><\/strong><\/summary>\n<p class=\"has-theme-palette-3-color has-text-color has-link-color wp-elements-13cd4b44e1856b2ee70eadf7b37cf3ef\">&nbsp;programme de bourse doctoral et postdoctoral \u00ab Eugen Ionesco \u00bb au titre de l\u2019ann\u00e9e universitaire 2024\/2025. La date butoir pour le d\u00e9p\u00f4t des dossiers est&nbsp;<strong>le 20 janvier 2025<\/strong>. <a href=\"https:\/\/www.auf.org\/nouvelles\/appels-a-candidatures\/appel-candidatures-bourses-de-recherche-doctorale-et-postdoctorale-eugen-ionescu-2024-2025\/\">https:\/\/www.auf.org\/nouvelles\/appels-a-candidatures\/appel-candidatures-bourses-de-recherche-doctorale-et-postdoctorale-eugen-ionescu-2024-2025\/<\/a><\/p>\n<\/details>\n\n\n\n<details class=\"wp-block-details has-theme-palette-1-color has-text-color has-link-color wp-elements-297b8d2d2d7797e8a5e08d3e352ba8ed is-layout-flow wp-block-details-is-layout-flow\"><summary><strong><strong><strong>Offre de bourses du Gouvernement mauricien.<\/strong><\/strong><\/strong><\/summary>\n<p class=\"has-theme-palette-3-color has-text-color has-link-color wp-elements-147d308939df94899d32d42db147a352\">&nbsp;pour les trois niveaux d\u2019\u00e9tudes universitaires ( Licence, Master et PhD) et ce , au titre de l\u2019ann\u00e9e universitaire 2025. la date limite de soumission est arr\u00eat\u00e9e au&nbsp;<strong>25 avril 2025<\/strong><\/p>\n\n\n\n<p>&#8211;&nbsp;<a href=\"https:\/\/vrlex-ar.univ-batna.dz\/images\/bourse\/bourse2025\/Call_for_Application_2025.pdf\">Call for Application 2025<\/a><\/p>\n\n\n\n<p>&#8211;&nbsp;<a href=\"https:\/\/vrlex-ar.univ-batna.dz\/images\/bourse\/bourse2025\/Application_Form_postgraduate_2025.pdf\">Application Form postgraduate 2025<\/a><\/p>\n\n\n\n<p>&#8211;&nbsp;<a href=\"https:\/\/vrlex-ar.univ-batna.dz\/images\/bourse\/bourse2025\/Application_Form_undergraduate_2025.pdf\">Application Form undergraduate 2025<\/a><\/p>\n\n\n\n<p>&#8211;&nbsp;<a href=\"https:\/\/vrlex-ar.univ-batna.dz\/images\/bourse\/bourse2025\/Guidelines_for_Applicants_undergraduate_2025.pdf\">Guidelines for Applicants undergraduate 2025<\/a><\/p>\n\n\n\n<p>&#8211;&nbsp;<a href=\"https:\/\/vrlex-ar.univ-batna.dz\/images\/bourse\/bourse2025\/Guidelines_for_MPhil_PhD_Supervisors.pdf\">Guidelines for MPhil PhD Supervisors<\/a><\/p>\n\n\n\n<p>&#8211;&nbsp;<a href=\"https:\/\/vrlex-ar.univ-batna.dz\/images\/bourse\/bourse2025\/Guidelines_for_Nominating_Agencies_2025.pdf\">Guidelines for Nominating Agencies 2025<\/a><\/p>\n\n\n\n<p>&#8211;&nbsp;<a href=\"https:\/\/vrlex-ar.univ-batna.dz\/images\/bourse\/bourse2025\/Guidelines_for_travelling_abroad_during_the_Scholarship_period.pdf\">Guidelines for travelling abroad during the Scholarship period<\/a><\/p>\n\n\n\n<p>&#8211;&nbsp;<a href=\"https:\/\/vrlex-ar.univ-batna.dz\/images\/bourse\/bourse2025\/National_Endorsement_Form_2025.pdf\">National Endorsement Form 2025<\/a><\/p>\n<\/details>\n\n\n\n<details class=\"wp-block-details has-theme-palette-1-color has-text-color has-link-color wp-elements-a057820ed6bde5acefb9efd132abc4d9 is-layout-flow wp-block-details-is-layout-flow\"><summary><strong><strong><strong>\u0628\u0631\u0646\u0627\u0645\u062c \u0645\u0646\u062d \u0627\u0644\u062d\u0643\u0648\u0645\u0629 \u0627\u0644\u0635\u064a\u0646\u064a\u0629 \u0644\u0644\u0639\u0627\u0645 \u0627\u0644\u062f\u0631\u0627\u0633\u064a&nbsp;2026\/2025<\/strong><\/strong><\/strong><\/summary>\n<p class=\"has-theme-palette-3-color has-text-color has-link-color wp-elements-e35d44128e84fbbc119f29d02dd43f53\">&nbsp;\u0639\u0631\u0636 \u0645\u0646\u062d\u0629 (\u0628\u062f\u0648\u0646 \u0646\u0641\u0642\u0627\u062a \u0627\u0644\u0633\u0641\u0631 \u0627\u0644\u062f\u0648\u0644\u064a) \u0644\u0641\u0627\u0626\u062f\u0629&nbsp;&nbsp;&nbsp;<strong>30 \u0637\u0627\u0644\u0628 \u062c\u0632\u0627\u0626\u0631\u064a<\/strong>&nbsp;\u0644\u0644\u062a\u0633\u062c\u064a\u0644 \u0641\u064a \u0637\u0648\u0631 \u0627\u0644\u062f\u0643\u062a\u0648\u0631\u0627\u0647 \u0641\u064a \u0627\u0644\u062c\u0627\u0645\u0639\u0627\u062a \u0648\u0627\u0644\u0645\u0639\u0627\u0647\u062f \u0627\u0644\u0635\u064a\u0646\u064a\u0629 \u0644\u0633\u0646\u0629 2026\/2025, \u062a\u0633\u062c\u064a\u0644 \u0631\u063a\u0628\u0627\u062a\u0647\u0645 \u0628\u0639\u0646\u0627\u064a\u0629 \u0648\u0641\u0642 \u0627\u0644\u062a\u0639\u0644\u064a\u0645\u0627\u062a \u0648\u0627\u0644\u0634\u0631\u0648\u0637 \u0627\u0644\u0648\u0627\u0631\u062f\u0629 \u0641\u064a&nbsp;<a href=\"https:\/\/vrlex-ar.univ-batna.dz\/images\/bourse\/bourse2025\/note_appel_a_candidature_chine.pdf\">\u0627\u0644\u0648\u062b\u064a\u0642\u0629 \u0627\u0644\u0645\u0631\u0641\u0642\u0629<\/a>, \u0643\u0645\u0627 \u064a\u062a\u0639\u064a\u0646 \u0639\u0644\u0649 \u0627\u0644\u0637\u0644\u0628\u0629 \u0627\u0644\u0631\u0627\u063a\u0628\u064a\u0646 \u0628\u0627\u0644\u062f\u0631\u0627\u0633\u0629 \u0628\u0627\u0644\u0644\u063a\u0629 \u0627\u0644\u0635\u064a\u0646\u064a\u0629 \u062a\u0642\u062f\u064a\u0645 \u0634\u0647\u0627\u062f\u0629 \u0646\u062c\u0627\u062d \u0641\u064a \u0627\u0645\u062a\u062d\u0627\u0646&nbsp;HSK4, \u0633\u064a\u062a\u0645 \u0625\u0631\u0633\u0627\u0644&nbsp;<a href=\"https:\/\/vrlex-ar.univ-batna.dz\/images\/bourse\/bourse2025\/Bourse_Chinoise.xlsx\">\u0642\u0627\u0626\u0645\u0629 \u0627\u0633\u0645\u0627\u0626\u0647\u0645<\/a>&nbsp;\u0642\u0628\u0644&nbsp;<strong>17&nbsp;\u062c\u0627\u0646\u0641\u064a 2025<\/strong><\/p>\n<\/details>\n\n\n\n<details class=\"wp-block-details has-theme-palette-1-color has-text-color has-link-color wp-elements-305108c25bc61114b7d61bce1f2a08f9 is-layout-flow wp-block-details-is-layout-flow\"><summary><strong><strong><strong><strong>Programme de bourses de la R\u00e9publique d\u2019Autriche<\/strong><\/strong><\/strong><\/strong><\/summary>\n<p class=\"has-theme-palette-3-color has-text-color has-link-color wp-elements-550458b44c50378d7b36014a74b556b8\">&nbsp;un programme de bourses au titre de l\u2019ann\u00e9e universitaire 2024-2025, peuvent \u00eatre consult\u00e9es sur le site web ci-apr\u00e8s : <a href=\"https:\/\/grants.at\/\">https:\/\/grants.at\/<\/a><\/p>\n<\/details>\n\n\n\n<details class=\"wp-block-details has-theme-palette-2-color has-text-color has-link-color wp-elements-0b979fb7303009bf5368f2fb768afb06 is-layout-flow wp-block-details-is-layout-flow\"><summary><strong><strong><strong><strong><strong>Offre de bourses du Gouvernement Hongrois<\/strong><\/strong><\/strong><\/strong><\/strong><\/summary>\n<p class=\"has-theme-palette-3-color has-text-color has-link-color wp-elements-59acf297971ee967e4f991be5830354f\">&nbsp;&nbsp;Le gouvernement Hongrois offre une bourse au titre de l\u2019ann\u00e9e universitaire 2025\u2013 2026. &nbsp;Cette offre concerne : &nbsp;&nbsp;&nbsp;<strong>Les \u00e9tudiants majors de promotion<\/strong>. La date limite d&#8217;inscription en ligne sur la plateforme Stipendium est fix\u00e9e au&nbsp;<strong>15 janvier 2025<\/strong>, et les dossiers scann\u00e9s contenants les documents ci-joints des candidats ayant proc\u00e9d\u00e9s \u00e0 leur inscription en ligne (la copie de l&#8217;attestation d&#8217;inscription sur Stipendium Hungaricum est obligatoire) doivent \u00eatre transmis par email avant le Dimanche&nbsp;<strong>2 f\u00e9vrier 2025<\/strong><\/p>\n\n\n\n<p>&#8211;&nbsp;<a href=\"https:\/\/vrlex-ar.univ-batna.dz\/images\/bourse\/bourse2025\/Call_for_Application_2025.pdf\">Call for Application 2025<\/a><\/p>\n\n\n\n<p>&#8211;&nbsp;<a href=\"https:\/\/vrlex-ar.univ-batna.dz\/images\/bourse\/bourse2025\/Application_Form_postgraduate_2025.pdf\">Application Form postgraduate 2025<\/a><\/p>\n\n\n\n<p>&#8211;&nbsp;<a href=\"https:\/\/vrlex-ar.univ-batna.dz\/images\/bourse\/bourse2025\/Application_Form_undergraduate_2025.pdf\">Application Form undergraduate 2025<\/a><\/p>\n\n\n\n<p>&#8211;&nbsp;<a href=\"https:\/\/vrlex-ar.univ-batna.dz\/images\/bourse\/bourse2025\/Guidelines_for_Applicants_undergraduate_2025.pdf\">Guidelines for Applicants undergraduate 2025<\/a><\/p>\n\n\n\n<p>&#8211;&nbsp;<a href=\"https:\/\/vrlex-ar.univ-batna.dz\/images\/bourse\/bourse2025\/Guidelines_for_MPhil_PhD_Supervisors.pdf\">Guidelines for MPhil PhD Supervisors<\/a><\/p>\n\n\n\n<p>&#8211;&nbsp;<a href=\"https:\/\/vrlex-ar.univ-batna.dz\/images\/bourse\/bourse2025\/Guidelines_for_Nominating_Agencies_2025.pdf\">Guidelines for Nominating Agencies 2025<\/a><\/p>\n\n\n\n<p>&#8211;&nbsp;<a href=\"https:\/\/vrlex-ar.univ-batna.dz\/images\/bourse\/bourse2025\/Guidelines_for_travelling_abroad_during_the_Scholarship_period.pdf\">Guidelines for travelling abroad during the Scholarship period<\/a><\/p>\n\n\n\n<p>&#8211;&nbsp;<a href=\"https:\/\/vrlex-ar.univ-batna.dz\/images\/bourse\/bourse2025\/National_Endorsement_Form_2025.pdf\">National Endorsement Form 2025<\/a><\/p>\n<\/details>\n<\/div>\n<\/div>\n\n\n\n\t\t\t<div class=\"wp-block-uagb-post-grid uagb-post-grid  uagb-post__image-position-top uagb-post__image-enabled uagb-block-f5a53f2c     uagb-post__items uagb-post__columns-4 is-grid uagb-post__columns-tablet-2 uagb-post__columns-mobile-1 uagb-post__equal-height\" data-total=\"1\" style=\"\">\n\n\t\t\t\t\t\t\t\t\t\t\t\t<article class=\"uagb-post__inner-wrap\">\t\t\t\t\t\t\t\t<div class='uagb-post__image'>\n\t\t\t\t\t\t\t\t\t<a href=\"https:\/\/vrlex.univ-batna.dz\/?p=5343\" target=\"_self\" rel=\"bookmark noopener noreferrer\" class='uagb-image-ratio-inherit'><img loading=\"lazy\" decoding=\"async\" width=\"1024\" height=\"683\" src=\"https:\/\/vrlex.univ-batna.dz\/wp-content\/uploads\/2025\/10\/saoudiweb-1024x683.jpg\" class=\"attachment-large size-large\" alt=\"\" srcset=\"https:\/\/vrlex.univ-batna.dz\/wp-content\/uploads\/2025\/10\/saoudiweb-1024x683.jpg 1024w, https:\/\/vrlex.univ-batna.dz\/wp-content\/uploads\/2025\/10\/saoudiweb-300x200.jpg 300w, https:\/\/vrlex.univ-batna.dz\/wp-content\/uploads\/2025\/10\/saoudiweb-768x512.jpg 768w, https:\/\/vrlex.univ-batna.dz\/wp-content\/uploads\/2025\/10\/saoudiweb-600x400.jpg 600w, https:\/\/vrlex.univ-batna.dz\/wp-content\/uploads\/2025\/10\/saoudiweb.jpg 1200w\" sizes=\"auto, (max-width: 1024px) 100vw, 1024px\" \/>\t\t\t\t\t<\/a>\n\t\t\t\t\t\t\t<\/div>\n\t\t\t\t\t\t<h6 class=\"uagb-post__title uagb-post__text\">\n\t\t\t\t<a href=\"https:\/\/vrlex.univ-batna.dz\/?p=5343\" target=\"_self\" rel=\"bookmark noopener noreferrer\">\u0628\u0631\u0646\u0627\u0645\u062c \u0645\u0646\u062d \u0627\u0644\u0645\u0645\u0644\u0643\u0629 \u0627\u0644\u0633\u0639\u0648\u062f\u064a\u0629<\/a>\n\t\t\t<\/h6>\n\t\t\t\t\t\t<div class='uagb-post__text uagb-post-grid-byline'>\n\t\t\t\t\t\t\t\t<time datetime=\"2025-10-21T21:14:41+02:00\" class=\"uagb-post__date\">\n\t\t\t\t\t\t\t\t\t21 \u0623\u0643\u062a\u0648\u0628\u0631 2025\t\t\t\t<\/time>\n\t\t\t\t\t\t<\/div>\n\t\t\t\t\t\t<div class=\"uagb-post__text uagb-post__cta wp-block-button\">\n\t\t\t\t<a class=\"wp-block-button__link uagb-text-link\" style=\"\" href=\"https:\/\/vrlex.univ-batna.dz\/?p=5343\" target=\"_self\" rel=\"bookmark noopener noreferrer\">\u0625\u0643\u062a\u0634\u0641 \u0627\u0644\u0645\u0632\u064a\u062f<\/a>\n\t\t\t<\/div>\n\t\t\t\n\t\t\t\t\t\t\t\t\t<\/article>\n\t\t\t\t\t\t\t\t\t\t\t\t\t\t\t\t<article class=\"uagb-post__inner-wrap\">\t\t\t\t\t\t\t\t<div class='uagb-post__image'>\n\t\t\t\t\t\t\t\t\t<a href=\"https:\/\/vrlex.univ-batna.dz\/?p=6569\" target=\"_self\" rel=\"bookmark noopener noreferrer\" class='uagb-image-ratio-inherit'><img loading=\"lazy\" decoding=\"async\" width=\"640\" height=\"319\" src=\"https:\/\/vrlex.univ-batna.dz\/wp-content\/uploads\/2025\/12\/AMEXCID_Logo.png\" class=\"attachment-large size-large\" alt=\"\" srcset=\"https:\/\/vrlex.univ-batna.dz\/wp-content\/uploads\/2025\/12\/AMEXCID_Logo.png 640w, https:\/\/vrlex.univ-batna.dz\/wp-content\/uploads\/2025\/12\/AMEXCID_Logo-300x150.png 300w\" sizes=\"auto, (max-width: 640px) 100vw, 640px\" \/>\t\t\t\t\t<\/a>\n\t\t\t\t\t\t\t<\/div>\n\t\t\t\t\t\t<h6 class=\"uagb-post__title uagb-post__text\">\n\t\t\t\t<a href=\"https:\/\/vrlex.univ-batna.dz\/?p=6569\" target=\"_self\" rel=\"bookmark noopener noreferrer\">Bourse d\u2019excellence du Mexique<\/a>\n\t\t\t<\/h6>\n\t\t\t\t\t\t<div class='uagb-post__text uagb-post-grid-byline'>\n\t\t\t\t\t\t\t\t<time datetime=\"2025-12-08T11:55:51+01:00\" class=\"uagb-post__date\">\n\t\t\t\t\t\t\t\t\t8 \u062f\u064a\u0633\u0645\u0628\u0631 2025\t\t\t\t<\/time>\n\t\t\t\t\t\t<\/div>\n\t\t\t\t\t\t<div class=\"uagb-post__text uagb-post__cta wp-block-button\">\n\t\t\t\t<a class=\"wp-block-button__link uagb-text-link\" style=\"\" href=\"https:\/\/vrlex.univ-batna.dz\/?p=6569\" target=\"_self\" rel=\"bookmark noopener noreferrer\">\u0625\u0643\u062a\u0634\u0641 \u0627\u0644\u0645\u0632\u064a\u062f<\/a>\n\t\t\t<\/div>\n\t\t\t\n\t\t\t\t\t\t\t\t\t<\/article>\n\t\t\t\t\t\t\t\t\t\t\t\t\t\t\t\t<article class=\"uagb-post__inner-wrap\">\t\t\t\t\t\t\t\t<div class='uagb-post__image'>\n\t\t\t\t\t\t\t\t\t<a href=\"https:\/\/vrlex.univ-batna.dz\/?p=7251\" target=\"_self\" rel=\"bookmark noopener noreferrer\" class='uagb-image-ratio-inherit'><img loading=\"lazy\" decoding=\"async\" width=\"504\" height=\"188\" src=\"https:\/\/vrlex.univ-batna.dz\/wp-content\/uploads\/2026\/01\/logo-black-large.png\" class=\"attachment-large size-large\" alt=\"\" srcset=\"https:\/\/vrlex.univ-batna.dz\/wp-content\/uploads\/2026\/01\/logo-black-large.png 504w, https:\/\/vrlex.univ-batna.dz\/wp-content\/uploads\/2026\/01\/logo-black-large-300x112.png 300w, https:\/\/vrlex.univ-batna.dz\/wp-content\/uploads\/2026\/01\/logo-black-large-500x188.png 500w\" sizes=\"auto, (max-width: 504px) 100vw, 504px\" \/>\t\t\t\t\t<\/a>\n\t\t\t\t\t\t\t<\/div>\n\t\t\t\t\t\t<h6 class=\"uagb-post__title uagb-post__text\">\n\t\t\t\t<a href=\"https:\/\/vrlex.univ-batna.dz\/?p=7251\" target=\"_self\" rel=\"bookmark noopener noreferrer\">programme doctoral et postdoctoral ( Eugen Ionesco)<\/a>\n\t\t\t<\/h6>\n\t\t\t\t\t\t<div class='uagb-post__text uagb-post-grid-byline'>\n\t\t\t\t\t\t\t\t<time datetime=\"2026-01-27T10:22:57+01:00\" class=\"uagb-post__date\">\n\t\t\t\t\t\t\t\t\t27 \u064a\u0646\u0627\u064a\u0631 2026\t\t\t\t<\/time>\n\t\t\t\t\t\t<\/div>\n\t\t\t\t\t\t<div class=\"uagb-post__text uagb-post__cta wp-block-button\">\n\t\t\t\t<a class=\"wp-block-button__link uagb-text-link\" style=\"\" href=\"https:\/\/vrlex.univ-batna.dz\/?p=7251\" target=\"_self\" rel=\"bookmark noopener noreferrer\">\u0625\u0643\u062a\u0634\u0641 \u0627\u0644\u0645\u0632\u064a\u062f<\/a>\n\t\t\t<\/div>\n\t\t\t\n\t\t\t\t\t\t\t\t\t<\/article>\n\t\t\t\t\t\t\t\t\t\t\t\t\t\t\t\t<article class=\"uagb-post__inner-wrap\">\t\t\t\t\t\t\t\t<div class='uagb-post__image'>\n\t\t\t\t\t\t\t\t\t<a href=\"https:\/\/vrlex.univ-batna.dz\/?p=7259\" target=\"_self\" rel=\"bookmark noopener noreferrer\" class='uagb-image-ratio-inherit'><img loading=\"lazy\" decoding=\"async\" width=\"348\" height=\"145\" src=\"https:\/\/vrlex.univ-batna.dz\/wp-content\/uploads\/2025\/05\/maurice1-1.png\" class=\"attachment-large size-large\" alt=\"\" srcset=\"https:\/\/vrlex.univ-batna.dz\/wp-content\/uploads\/2025\/05\/maurice1-1.png 348w, https:\/\/vrlex.univ-batna.dz\/wp-content\/uploads\/2025\/05\/maurice1-1-300x125.png 300w\" sizes=\"auto, (max-width: 348px) 100vw, 348px\" \/>\t\t\t\t\t<\/a>\n\t\t\t\t\t\t\t<\/div>\n\t\t\t\t\t\t<h6 class=\"uagb-post__title uagb-post__text\">\n\t\t\t\t<a href=\"https:\/\/vrlex.univ-batna.dz\/?p=7259\" target=\"_self\" rel=\"bookmark noopener noreferrer\">Offre de bourses du Gouvernement mauricien<\/a>\n\t\t\t<\/h6>\n\t\t\t\t\t\t<div class='uagb-post__text uagb-post-grid-byline'>\n\t\t\t\t\t\t\t\t<time datetime=\"2026-01-27T10:41:50+01:00\" class=\"uagb-post__date\">\n\t\t\t\t\t\t\t\t\t27 \u064a\u0646\u0627\u064a\u0631 2026\t\t\t\t<\/time>\n\t\t\t\t\t\t<\/div>\n\t\t\t\t\t\t<div class=\"uagb-post__text uagb-post__cta wp-block-button\">\n\t\t\t\t<a class=\"wp-block-button__link uagb-text-link\" style=\"\" href=\"https:\/\/vrlex.univ-batna.dz\/?p=7259\" target=\"_self\" rel=\"bookmark noopener noreferrer\">\u0625\u0643\u062a\u0634\u0641 \u0627\u0644\u0645\u0632\u064a\u062f<\/a>\n\t\t\t<\/div>\n\t\t\t\n\t\t\t\t\t\t\t\t\t<\/article>\n\t\t\t\t\t\t\t\t\t\t\t\t\t\t\t\t<article class=\"uagb-post__inner-wrap\">\t\t\t\t\t\t\t\t<div class='uagb-post__image'>\n\t\t\t\t\t\t\t\t\t<a href=\"https:\/\/vrlex.univ-batna.dz\/?p=7273\" target=\"_self\" rel=\"bookmark noopener noreferrer\" class='uagb-image-ratio-inherit'><img loading=\"lazy\" decoding=\"async\" width=\"550\" height=\"250\" src=\"https:\/\/vrlex.univ-batna.dz\/wp-content\/uploads\/2026\/01\/autriche.jpg\" class=\"attachment-large size-large\" alt=\"\" srcset=\"https:\/\/vrlex.univ-batna.dz\/wp-content\/uploads\/2026\/01\/autriche.jpg 550w, https:\/\/vrlex.univ-batna.dz\/wp-content\/uploads\/2026\/01\/autriche-300x136.jpg 300w\" sizes=\"auto, (max-width: 550px) 100vw, 550px\" \/>\t\t\t\t\t<\/a>\n\t\t\t\t\t\t\t<\/div>\n\t\t\t\t\t\t<h6 class=\"uagb-post__title uagb-post__text\">\n\t\t\t\t<a href=\"https:\/\/vrlex.univ-batna.dz\/?p=7273\" target=\"_self\" rel=\"bookmark noopener noreferrer\">Programme de bourses de la R\u00e9publique d\u2019Autriche<\/a>\n\t\t\t<\/h6>\n\t\t\t\t\t\t<div class='uagb-post__text uagb-post-grid-byline'>\n\t\t\t\t\t\t\t\t<time datetime=\"2026-01-27T11:10:57+01:00\" class=\"uagb-post__date\">\n\t\t\t\t\t\t\t\t\t27 \u064a\u0646\u0627\u064a\u0631 2026\t\t\t\t<\/time>\n\t\t\t\t\t\t<\/div>\n\t\t\t\t\t\t<div class=\"uagb-post__text uagb-post__cta wp-block-button\">\n\t\t\t\t<a class=\"wp-block-button__link uagb-text-link\" style=\"\" href=\"https:\/\/vrlex.univ-batna.dz\/?p=7273\" target=\"_self\" rel=\"bookmark noopener noreferrer\">\u0625\u0643\u062a\u0634\u0641 \u0627\u0644\u0645\u0632\u064a\u062f<\/a>\n\t\t\t<\/div>\n\t\t\t\n\t\t\t\t\t\t\t\t\t<\/article>\n\t\t\t\t\t\t\t\t\t\t\t\t\t<div class=\"uagb-post-pagination-wrap\">\n\t\t\t\t\t\t\t\t\t\t\t<\/div>\n\t\t\t\t\t\t\t\t<\/div>\n\t\t\t","protected":false},"excerpt":{"rendered":"<p>\u0627\u0644\u0645\u0632\u064a\u062f \u0645\u0646 \u0645\u0646\u062d \u0627\u0644\u062f\u0648\u0644 \u0627\u0644\u0623\u062c\u0646\u0628\u064a\u0629 ( \u0623\u0631\u0634\u064a\u0641 )<\/p>\n","protected":false},"author":1,"featured_media":0,"parent":0,"menu_order":0,"comment_status":"closed","ping_status":"closed","template":"","meta":{"_uag_custom_page_level_css":"","_kadence_starter_templates_imported_post":false,"_kad_post_transparent":"","_kad_post_title":"","_kad_post_layout":"","_kad_post_sidebar_id":"","_kad_post_content_style":"","_kad_post_vertical_padding":"","_kad_post_feature":"","_kad_post_feature_position":"","_kad_post_header":false,"_kad_post_footer":false,"_kad_post_classname":"","footnotes":""},"class_list":["post-6523","page","type-page","status-publish","hentry"],"guten_post_layout_featured_media_urls":{"full":false,"thumbnail":false,"medium":false,"medium_large":false,"large":false,"1536x1536":false,"2048x2048":false,"guten_post_layout_landscape_large":false,"guten_post_layout_portrait_large":false,"guten_post_layout_square_large":false,"guten_post_layout_landscape":false,"guten_post_layout_portrait":false,"guten_post_layout_square":false,"psacp-medium":false},"uagb_featured_image_src":{"full":false,"thumbnail":false,"medium":false,"medium_large":false,"large":false,"1536x1536":false,"2048x2048":false,"guten_post_layout_landscape_large":false,"guten_post_layout_portrait_large":false,"guten_post_layout_square_large":false,"guten_post_layout_landscape":false,"guten_post_layout_portrait":false,"guten_post_layout_square":false,"psacp-medium":false},"uagb_author_info":{"display_name":"adminrelex","author_link":"https:\/\/vrlex.univ-batna.dz\/?author=1"},"uagb_comment_info":0,"uagb_excerpt":"\u0627\u0644\u0645\u0632\u064a\u062f \u0645\u0646 \u0645\u0646\u062d \u0627\u0644\u062f\u0648\u0644 \u0627\u0644\u0623\u062c\u0646\u0628\u064a\u0629 ( \u0623\u0631\u0634\u064a\u0641 )","_links":{"self":[{"href":"https:\/\/vrlex.univ-batna.dz\/index.php?rest_route=\/wp\/v2\/pages\/6523","targetHints":{"allow":["GET"]}}],"collection":[{"href":"https:\/\/vrlex.univ-batna.dz\/index.php?rest_route=\/wp\/v2\/pages"}],"about":[{"href":"https:\/\/vrlex.univ-batna.dz\/index.php?rest_route=\/wp\/v2\/types\/page"}],"author":[{"embeddable":true,"href":"https:\/\/vrlex.univ-batna.dz\/index.php?rest_route=\/wp\/v2\/users\/1"}],"replies":[{"embeddable":true,"href":"https:\/\/vrlex.univ-batna.dz\/index.php?rest_route=%2Fwp%2Fv2%2Fcomments&post=6523"}],"version-history":[{"count":26,"href":"https:\/\/vrlex.univ-batna.dz\/index.php?rest_route=\/wp\/v2\/pages\/6523\/revisions"}],"predecessor-version":[{"id":7589,"href":"https:\/\/vrlex.univ-batna.dz\/index.php?rest_route=\/wp\/v2\/pages\/6523\/revisions\/7589"}],"wp:attachment":[{"href":"https:\/\/vrlex.univ-batna.dz\/index.php?rest_route=%2Fwp%2Fv2%2Fmedia&parent=6523"}],"curies":[{"name":"wp","href":"https:\/\/api.w.org\/{rel}","templated":true}]}}