{"id":659,"date":"2025-05-20T12:02:10","date_gmt":"2025-05-20T10:02:10","guid":{"rendered":"https:\/\/fwp.univ-batna.dz\/wp4\/?page_id=659"},"modified":"2025-10-09T11:28:40","modified_gmt":"2025-10-09T09:28:40","slug":"%d9%85%d8%b4%d8%a7%d8%b1%d9%8a%d8%b9-%d8%a8%d8%ad%d8%ab-%d8%a8%d8%a7%d9%84%d8%b4%d8%b1%d8%a7%d9%83%d8%a9-%d9%85%d8%b9-%d8%ad%d8%a7%d9%85%d8%b9%d8%a9-%d8%a8%d8%a7%d8%aa%d8%a9-1","status":"publish","type":"page","link":"https:\/\/vrlex.univ-batna.dz\/?page_id=659","title":{"rendered":"\u0645\u0634\u0627\u0631\u064a\u0639 \u0628\u062d\u062b \u0628\u0627\u0644\u0634\u0631\u0627\u0643\u0629 \u0645\u0639 \u062c\u0627\u0645\u0639\u0629 \u0628\u0627\u062a\u0646\u0629"},"content":{"rendered":"\n<div class=\"wp-block-uagb-container uagb-block-25a41c25 alignfull uagb-is-root-container\"><div class=\"uagb-container-inner-blocks-wrap\">\n<div class=\"wp-block-uagb-advanced-heading uagb-block-3c4fdecd\"><h5 class=\"uagb-heading-text\">\u0645\u0634\u0627\u0631\u064a\u0639 \u0628\u062d\u062b \u0628\u0627\u0644\u0634\u0631\u0627\u0643\u0629 \u0645\u0639 \u062c\u0627\u0645\u0639\u0629 \u0628\u0627\u062a\u0646\u0629 1<\/h5><div class=\"uagb-separator\"><\/div><\/div>\n\n\n<div class=\"wptb-container-legacy\" data-table-id=\"3277\">\n    <table class=\"wptb-preview-table wptb-element-main-table_setting-3277\" style=\"border-spacing: 3px 3px; border-collapse: collapse !important; min-width: 1081px; border: 3px solid #f3f3f4; \" data-border-spacing-columns=\"3\" data-border-spacing-rows=\"3\" data-reconstraction=\"1\" data-wptb-table-directives=\"eyJpbm5lckJvcmRlcnMiOnsiYWN0aXZlIjoiYWxsIiwiYm9yZGVyV2lkdGgiOjEsImJvcmRlclJhZGl1c2VzIjp7ImFsbCI6MCwicm93IjowLCJjb2x1bW4iOjB9fX0=\" data-wptb-responsive-directives=\"eyJyZXNwb25zaXZlRW5hYmxlZCI6ZmFsc2UsInJlc3BvbnNpdmVNb2RlIjoiYXV0byIsInJlbGF0aXZlV2lkdGgiOiJ3aW5kb3ciLCJwcmVzZXJ2ZVJvd0NvbG9yIjpmYWxzZSwiaGVhZGVyRnVsbHlNZXJnZWQiOmZhbHNlLCJicmVha3BvaW50cyI6eyJkZXNrdG9wIjp7Im5hbWUiOiJkZXNrdG9wIiwid2lkdGgiOjEwMjR9LCJ0YWJsZXQiOnsibmFtZSI6InRhYmxldCIsIndpZHRoIjo3MDB9LCJtb2JpbGUiOnsibmFtZSI6Im1vYmlsZSIsIndpZHRoIjozNzV9fSwibW9kZU9wdGlvbnMiOnsiYXV0byI6eyJkaXNhYmxlZCI6eyJkZXNrdG9wIjpmYWxzZSwidGFibGV0IjpmYWxzZSwibW9iaWxlIjpmYWxzZX0sInRvcFJvd0FzSGVhZGVyIjp7ImRlc2t0b3AiOmZhbHNlLCJ0YWJsZXQiOnRydWUsIm1vYmlsZSI6dHJ1ZX0sInJlcGVhdE1lcmdlZEhlYWRlciI6eyJkZXNrdG9wIjp0cnVlLCJ0YWJsZXQiOnRydWUsIm1vYmlsZSI6dHJ1ZX0sInN0YXRpY1RvcFJvdyI6eyJkZXNrdG9wIjpmYWxzZSwidGFibGV0IjpmYWxzZSwibW9iaWxlIjpmYWxzZX0sImNlbGxTdGFja0RpcmVjdGlvbiI6eyJkZXNrdG9wIjoicm93IiwidGFibGV0Ijoicm93IiwibW9iaWxlIjoicm93In0sImNlbGxzUGVyUm93Ijp7ImRlc2t0b3AiOjEsInRhYmxldCI6MiwibW9iaWxlIjoyfX19fQ==\" data-wptb-cells-width-auto-count=\"7\" data-wptb-extra-styles=\"\" data-wptb-pro-pagination-top-row-header=\"false\" data-wptb-rows-per-page=\"10\" data-wptb-pro-search-top-row-header=\"false\" data-wptb-searchbar-position=\"left\" role=\"table\" data-table-columns=\"7\" data-wptb-table-alignment=\"center\" data-wptb-td-width-auto=\"120\" data-wptb-table-tds-sum-max-width=\"1081\" data-wptb-header-background-color=\"#d0d7e2\" data-wptb-even-row-background-color=\"#ece8e8\" data-wptb-odd-row-background-color=\"#e8e9ea\" data-v2-props=\"eyJ1c2VUaEZvckZpcnN0Um93IjpmYWxzZX0=\" ><tbody data-global-font-size=\"15\" ><tr  class=\"wptb-row \" style=\"background-color: #d0d7e2; \"><td class=\"wptb-cell wptb-hide-on-mobile\" colspan=\"1\" rowspan=\"1\" style=\"padding: 10px; width: 54px; border-width: 1px; border-color: rgb(0, 0, 0); border-style: solid; border-radius: 0px; \" data-y-index=\"0\" data-x-index=\"0\" data-wptb-css-td-auto-width=\"false\" data-wptb-css-td-auto-height=\"true\" data-wptb-cell-vertical-alignment=\"center\" ><div class=\"wptb-text-container wptb-ph-element wptb-element-text-597\" style=\"color: #28282b; font-size: 15px; \"><div style=\"position: relative;\"><p style=\"text-align:center;\"><strong>\u0627\u0644\u0631\u0642\u0645<\/strong><\/p><\/div><\/div><\/td><td class=\"wptb-cell \" colspan=\"1\" rowspan=\"1\" style=\"padding: 10px; width: 278px; border-width: 1px; border-color: rgb(0, 0, 0); border-style: solid; border-radius: 0px; \" data-y-index=\"0\" data-x-index=\"1\" data-wptb-css-td-auto-width=\"false\" data-wptb-css-td-auto-height=\"true\" data-wptb-cell-vertical-alignment=\"center\" ><div class=\"wptb-text-container wptb-ph-element wptb-element-text-598\" style=\"color: #0b0b0b; font-size: 15px; \"><div style=\"position: relative;\"><p style=\"text-align:center;\"><strong>\u0627\u0644\u0645\u0624\u0633\u0633\u0629<\/strong><\/p><\/div><\/div><\/td><td class=\"wptb-cell \" colspan=\"1\" rowspan=\"1\" style=\"padding: 10px; width: 101px; border-width: 1px; border-color: rgb(0, 0, 0); border-style: solid; border-radius: 0px; \" data-y-index=\"0\" data-x-index=\"2\" data-wptb-css-td-auto-width=\"false\" data-wptb-css-td-auto-height=\"true\" data-wptb-cell-vertical-alignment=\"center\" ><div class=\"wptb-text-container wptb-ph-element wptb-element-text-599\" style=\"color: #0a0a0b; font-size: 15px; \"><div style=\"position: relative;\"><p style=\"text-align:center;\"><strong>\u0634\u0639\u0627\u0631 \u0627\u0644\u0645\u0624\u0633\u0633\u0629<\/strong><\/p><\/div><\/div><\/td><td class=\"wptb-cell \" colspan=\"1\" rowspan=\"1\" style=\"padding: 10px; width: 66px; border-width: 1px; border-color: rgb(0, 0, 0); border-style: solid; border-radius: 0px; \" data-y-index=\"0\" data-x-index=\"3\" data-wptb-css-td-auto-width=\"false\" data-wptb-css-td-auto-height=\"true\" data-wptb-cell-vertical-alignment=\"center\" ><div class=\"wptb-text-container wptb-ph-element wptb-element-text-600\" style=\"color: #09090a; font-size: 15px; \"><div style=\"position: relative;\"><p style=\"text-align:center;\"><strong>\u0627\u0644\u0648\u0644\u0627\u064a\u0629<\/strong><\/p><\/div><\/div><\/td><td class=\"wptb-cell \" colspan=\"1\" rowspan=\"1\" style=\"padding: 10px; width: 96px; border-width: 1px; border-color: rgb(0, 0, 0); border-style: solid; border-radius: 0px; \" data-y-index=\"0\" data-x-index=\"4\" data-wptb-css-td-auto-width=\"false\" data-wptb-css-td-auto-height=\"true\" data-wptb-cell-vertical-alignment=\"center\" ><div class=\"wptb-text-container wptb-ph-element wptb-element-text-601\" style=\"color: #0a0a0b; font-size: 15px; \"><div style=\"position: relative;\"><p style=\"text-align:center;\"><strong>\u0625\u0645\u0636\u0627\u0621 \u0627\u0644\u0625\u062a\u0641\u0627\u0642\u064a\u0629<\/strong><\/p><\/div><\/div><\/td><td class=\"wptb-cell \" colspan=\"1\" rowspan=\"1\" style=\"padding: 10px; width: 273px; border-width: 1px; border-color: rgb(0, 0, 0); border-style: solid; border-radius: 0px; \" data-y-index=\"0\" data-x-index=\"5\" data-wptb-css-td-auto-width=\"false\" data-wptb-css-td-auto-height=\"true\" data-wptb-cell-vertical-alignment=\"center\" ><div class=\"wptb-text-container wptb-ph-element wptb-element-text-602\" style=\"color: #09090a; font-size: 15px; \"><div style=\"position: relative;\"><p style=\"text-align:center;\"><strong>\u0627\u0644\u0623\u0647\u062f\u0627\u0641 \u0627\u0644\u0623\u0633\u0627\u0633\u064a\u0629<\/strong><\/p><\/div><\/div><\/td><td class=\"wptb-cell \" colspan=\"1\" rowspan=\"1\" style=\"padding: 10px; width: 59px; border-width: 1px; border-color: rgb(0, 0, 0); border-style: solid; border-radius: 0px; \" data-y-index=\"0\" data-x-index=\"6\" data-wptb-css-td-auto-width=\"false\" data-wptb-css-td-auto-height=\"true\" data-wptb-cell-vertical-alignment=\"center\" ><div class=\"wptb-text-container wptb-ph-element wptb-element-text-603\" style=\"color: #f00505; font-size: 15px; \"><div style=\"position: relative;\"><p style=\"text-align:center;\"><strong>\u062a\u062d\u0645\u064a\u0644 PDF<\/strong><\/p><\/div><\/div><\/td><\/tr><tr  class=\"wptb-row \" style=\"background-color: #ece8e8; \"><td class=\"wptb-cell wptb-hide-on-mobile\" colspan=\"1\" rowspan=\"1\" style=\"padding: 10px; width: 54px; border-width: 1px; border-color: rgb(0, 0, 0); border-style: solid; border-radius: 0px; \" data-y-index=\"1\" data-x-index=\"0\" data-wptb-css-td-auto-width=\"false\" data-wptb-css-td-auto-height=\"true\" data-wptb-cell-vertical-alignment=\"center\" ><div class=\"wptb-text-container wptb-ph-element wptb-element-text-604\" style=\"font-size: 15px; \"><div style=\"position: relative;\"><p style=\"text-align:center;\">01<\/p><\/div><\/div><\/td><td class=\"wptb-cell \" colspan=\"1\" rowspan=\"1\" style=\"padding: 10px; width: 278px; border-width: 1px; border-color: rgb(0, 0, 0); border-style: solid; border-radius: 0px; \" data-y-index=\"1\" data-x-index=\"1\" data-wptb-css-td-auto-width=\"false\" data-wptb-css-td-auto-height=\"true\" data-wptb-cell-vertical-alignment=\"center\" ><div class=\"wptb-text-container wptb-ph-element wptb-element-text-605\" style=\"font-size: 15px; \"><div style=\"position: relative;\"><p>- Direction d'agriculture de la willaye de Batna<\/p><p>- Direction de la formation professionnelle Batna<\/p><p>- Coop\u00e9rative des c\u00e9r\u00e9ales et l\u00e9gumes secs Batna<\/p><p>- Association de d\u00e9veloppement des c\u00e9reales et l\u00e9gumes secs Batna<\/p><\/div><\/div><\/td><td class=\"wptb-cell \" colspan=\"1\" rowspan=\"1\" style=\"padding: 10px; width: 101px; border-width: 1px; border-color: rgb(0, 0, 0); border-style: solid; border-radius: 0px; \" data-y-index=\"1\" data-x-index=\"2\" data-wptb-css-td-auto-width=\"false\" data-wptb-css-td-auto-height=\"true\" data-wptb-cell-vertical-alignment=\"center\" ><div class=\"wptb-text-container wptb-ph-element wptb-element-text-606\" style=\"font-size: 15px; \"><div style=\"position: relative;\"><p style=\"text-align:center;\"><br \/><\/p><\/div><\/div><\/td><td class=\"wptb-cell \" colspan=\"1\" rowspan=\"1\" style=\"padding: 10px; width: 66px; border-width: 1px; border-color: rgb(0, 0, 0); border-style: solid; border-radius: 0px; \" data-y-index=\"1\" data-x-index=\"3\" data-wptb-css-td-auto-width=\"false\" data-wptb-css-td-auto-height=\"true\" data-wptb-cell-vertical-alignment=\"center\" ><div class=\"wptb-text-container wptb-ph-element wptb-element-text-607\" style=\"font-size: 15px; \"><div style=\"position: relative;\"><p style=\"text-align:center;\">\u0628\u0627\u062a\u0646\u0629<\/p><\/div><\/div><\/td><td class=\"wptb-cell \" colspan=\"1\" rowspan=\"1\" style=\"padding: 10px; width: 96px; border-width: 1px; border-color: rgb(0, 0, 0); border-style: solid; border-radius: 0px; \" data-y-index=\"1\" data-x-index=\"4\" data-wptb-css-td-auto-width=\"false\" data-wptb-css-td-auto-height=\"true\" data-wptb-cell-vertical-alignment=\"center\" ><div class=\"wptb-text-container wptb-ph-element wptb-element-text-608\" style=\"font-size: 15px; \"><div style=\"position: relative;\"><p style=\"text-align:center;\">2021<\/p><p style=\"text-align:center;\">\u0645\u062f\u0629 03 \u0633\u0646\u0648\u0627\u062a<\/p><\/div><\/div><\/td><td class=\"wptb-cell \" colspan=\"1\" rowspan=\"1\" style=\"padding: 10px; width: 273px; border-width: 1px; border-color: rgb(0, 0, 0); border-style: solid; border-radius: 0px; \" data-y-index=\"1\" data-x-index=\"5\" data-wptb-css-td-auto-width=\"false\" data-wptb-css-td-auto-height=\"true\" data-wptb-cell-vertical-alignment=\"center\" ><div class=\"wptb-text-container wptb-ph-element wptb-element-text-609\" style=\"font-size: 15px; \"><div style=\"position: relative;\"><\/div><\/div><\/td><td class=\"wptb-cell \" colspan=\"1\" rowspan=\"1\" style=\"padding: 10px; width: 59px; border-width: 1px; border-color: rgb(0, 0, 0); border-style: solid; border-radius: 0px; \" data-y-index=\"1\" data-x-index=\"6\" data-wptb-css-td-auto-width=\"false\" data-wptb-css-td-auto-height=\"true\" data-wptb-cell-vertical-alignment=\"center\" ><div class=\"wptb-text-container wptb-ph-element wptb-element-text-610\" style=\"font-size: 15px; \"><div style=\"position: relative;\"><\/div><\/div><\/td><\/tr><tr  class=\"wptb-row \" style=\"background-color: #e8e9ea; \"><td class=\"wptb-cell wptb-hide-on-mobile\" colspan=\"1\" rowspan=\"1\" style=\"padding: 10px; width: 54px; border-width: 1px; border-color: #0e0f0d; border-style: solid; border-radius: 0px; \" data-y-index=\"2\" data-x-index=\"0\" data-wptb-css-td-auto-width=\"false\" data-wptb-css-td-auto-height=\"true\" data-wptb-cell-vertical-alignment=\"center\" ><div class=\"wptb-text-container wptb-ph-element wptb-element-text-611\" style=\"font-size: 1em; \"><div style=\"position: relative;\"><p style=\"text-align:center;\">02<\/p><\/div><\/div><\/td><td class=\"wptb-cell \" colspan=\"1\" rowspan=\"1\" style=\"padding: 10px; width: 278px; border-width: 1px; border-color: #0e0f0d; border-style: solid; border-radius: 0px; \" data-y-index=\"2\" data-x-index=\"1\" data-wptb-css-td-auto-width=\"false\" data-wptb-css-td-auto-height=\"true\" data-wptb-cell-vertical-alignment=\"center\" ><div class=\"wptb-text-container wptb-ph-element wptb-element-text-612\" style=\"font-size: 1em; \"><div style=\"position: relative;\"><p style=\"text-align:center;\">\u0645\u062f\u064a\u0631\u0628\u0629 \u0627\u0644\u0645\u0635\u0627\u0644\u062d \u0627\u0644\u0641\u0644\u0627\u062d\u064a\u0629 \u0644\u0648\u0644\u0627\u064a\u0629 \u0628\u0627\u062a\u0646\u0629<\/p><\/div><\/div><\/td><td class=\"wptb-cell \" colspan=\"1\" rowspan=\"1\" style=\"padding: 10px; width: 101px; border-width: 1px; border-color: #0e0f0d; border-style: solid; border-radius: 0px; \" data-y-index=\"2\" data-x-index=\"2\" data-wptb-css-td-auto-width=\"false\" data-wptb-css-td-auto-height=\"true\" data-wptb-cell-vertical-alignment=\"center\" ><div class=\"wptb-image-container wptb-ph-element wptb-element-image-1\" data-wptb-image-alignment=\"center\" data-wptb-image-size-relative=\"container\"  style=\"\">\n    <div class=\"wptb-image-wrapper\">\n        <span  class=\"wptb-link-target\" style=\"float: none; width: 39%; \">\n            <img loading=\"lazy\" decoding=\"async\" class=\"wptb-image-element-target\" data-wptb-size=\"225px:224px\" height=\"224\" width=\"225\" src=\"http:\/\/vrlex.univ-batna.dz\/wp-content\/uploads\/2026\/04\/logo-agr-batna.jpeg\"  style=\"width: 100%\" \/>\n        <\/span>\n    <\/div>\n<\/div><\/td><td class=\"wptb-cell \" colspan=\"1\" rowspan=\"1\" style=\"padding: 10px; width: 66px; border-width: 1px; border-color: #0e0f0d; border-style: solid; border-radius: 0px; \" data-y-index=\"2\" data-x-index=\"3\" data-wptb-css-td-auto-width=\"false\" data-wptb-css-td-auto-height=\"true\" data-wptb-cell-vertical-alignment=\"center\" ><div class=\"wptb-text-container wptb-ph-element wptb-element-text-613\" style=\"font-size: 1em; \"><div style=\"position: relative;\"><p style=\"text-align:center;\">\u0628\u0627\u062a\u0646\u0629<\/p><\/div><\/div><\/td><td class=\"wptb-cell \" colspan=\"1\" rowspan=\"1\" style=\"padding: 10px; width: 96px; border-width: 1px; border-color: #0e0f0d; border-style: solid; border-radius: 0px; \" data-y-index=\"2\" data-x-index=\"4\" data-wptb-css-td-auto-width=\"false\" data-wptb-css-td-auto-height=\"true\" data-wptb-cell-vertical-alignment=\"center\" ><div class=\"wptb-text-container wptb-ph-element wptb-element-text-614\" style=\"font-size: 1em; \"><div style=\"position: relative;\"><p style=\"text-align:center;\">2023<\/p><p style=\"text-align:center;\">\u0645\u062f\u0629 05 \u0633\u0646\u0648\u0627\u062a<\/p><\/div><\/div><\/td><td class=\"wptb-cell \" colspan=\"1\" rowspan=\"1\" style=\"padding: 10px; width: 273px; border-width: 1px; border-color: #0e0f0d; border-style: solid; border-radius: 0px; \" data-y-index=\"2\" data-x-index=\"5\" data-wptb-css-td-auto-width=\"false\" data-wptb-css-td-auto-height=\"true\" data-wptb-cell-vertical-alignment=\"center\" ><\/td><td class=\"wptb-cell \" colspan=\"1\" rowspan=\"1\" style=\"padding: 10px; width: 59px; border-width: 1px; border-color: #0e0f0d; border-style: solid; border-radius: 0px; \" data-y-index=\"2\" data-x-index=\"6\" data-wptb-css-td-auto-width=\"false\" data-wptb-css-td-auto-height=\"true\" data-wptb-cell-vertical-alignment=\"center\" ><\/td><\/tr><\/tbody><\/table>\n<\/div>\n\n<\/div><\/div>\n\n\n\n<div class=\"wp-block-uagb-container uagb-block-71a23b61 alignfull uagb-is-root-container\"><div class=\"uagb-container-inner-blocks-wrap\">\n<div class=\"wp-block-uagb-container uagb-block-dc7937c6\"><\/div>\n\n\n\n<div class=\"wp-block-uagb-container uagb-block-3496ab9c\"><div class=\"wp-block-image\">\n<figure class=\"alignright size-full is-resized\"><a href=\"https:\/\/fwp.univ-batna.dz\/wp4\/\"><img decoding=\"async\" src=\"https:\/\/fwp.univ-batna.dz\/wp4\/wp-content\/uploads\/2025\/10\/Bprecedent-2.png\" alt=\"\" class=\"wp-image-4707\" style=\"width:100px;height:auto\"\/><\/a><\/figure>\n<\/div><\/div>\n<\/div><\/div>\n","protected":false},"excerpt":{"rendered":"<p>\u0645\u0634\u0627\u0631\u064a\u0639 \u0628\u062d\u062b \u0628\u0627\u0644\u0634\u0631\u0627\u0643\u0629 \u0645\u0639 \u062c\u0627\u0645\u0639\u0629 \u0628\u0627\u062a\u0646\u0629 1<\/p>\n","protected":false},"author":1,"featured_media":0,"parent":0,"menu_order":0,"comment_status":"closed","ping_status":"closed","template":"","meta":{"_uag_custom_page_level_css":"","_kadence_starter_templates_imported_post":false,"_kad_post_transparent":"","_kad_post_title":"","_kad_post_layout":"","_kad_post_sidebar_id":"","_kad_post_content_style":"","_kad_post_vertical_padding":"","_kad_post_feature":"","_kad_post_feature_position":"","_kad_post_header":false,"_kad_post_footer":false,"_kad_post_classname":"","footnotes":""},"class_list":["post-659","page","type-page","status-publish","hentry"],"guten_post_layout_featured_media_urls":{"full":false,"thumbnail":false,"medium":false,"medium_large":false,"large":false,"1536x1536":false,"2048x2048":false,"guten_post_layout_landscape_large":false,"guten_post_layout_portrait_large":false,"guten_post_layout_square_large":false,"guten_post_layout_landscape":false,"guten_post_layout_portrait":false,"guten_post_layout_square":false,"psacp-medium":false},"uagb_featured_image_src":{"full":false,"thumbnail":false,"medium":false,"medium_large":false,"large":false,"1536x1536":false,"2048x2048":false,"guten_post_layout_landscape_large":false,"guten_post_layout_portrait_large":false,"guten_post_layout_square_large":false,"guten_post_layout_landscape":false,"guten_post_layout_portrait":false,"guten_post_layout_square":false,"psacp-medium":false},"uagb_author_info":{"display_name":"adminrelex","author_link":"https:\/\/vrlex.univ-batna.dz\/?author=1"},"uagb_comment_info":0,"uagb_excerpt":"\u0645\u0634\u0627\u0631\u064a\u0639 \u0628\u062d\u062b \u0628\u0627\u0644\u0634\u0631\u0627\u0643\u0629 \u0645\u0639 \u062c\u0627\u0645\u0639\u0629 \u0628\u0627\u062a\u0646\u0629 1","_links":{"self":[{"href":"https:\/\/vrlex.univ-batna.dz\/index.php?rest_route=\/wp\/v2\/pages\/659","targetHints":{"allow":["GET"]}}],"collection":[{"href":"https:\/\/vrlex.univ-batna.dz\/index.php?rest_route=\/wp\/v2\/pages"}],"about":[{"href":"https:\/\/vrlex.univ-batna.dz\/index.php?rest_route=\/wp\/v2\/types\/page"}],"author":[{"embeddable":true,"href":"https:\/\/vrlex.univ-batna.dz\/index.php?rest_route=\/wp\/v2\/users\/1"}],"replies":[{"embeddable":true,"href":"https:\/\/vrlex.univ-batna.dz\/index.php?rest_route=%2Fwp%2Fv2%2Fcomments&post=659"}],"version-history":[{"count":8,"href":"https:\/\/vrlex.univ-batna.dz\/index.php?rest_route=\/wp\/v2\/pages\/659\/revisions"}],"predecessor-version":[{"id":4942,"href":"https:\/\/vrlex.univ-batna.dz\/index.php?rest_route=\/wp\/v2\/pages\/659\/revisions\/4942"}],"wp:attachment":[{"href":"https:\/\/vrlex.univ-batna.dz\/index.php?rest_route=%2Fwp%2Fv2%2Fmedia&parent=659"}],"curies":[{"name":"wp","href":"https:\/\/api.w.org\/{rel}","templated":true}]}}